{"id":11150,"date":"2025-01-31T00:57:20","date_gmt":"2025-01-30T22:57:20","guid":{"rendered":"https:\/\/mariposacoffee.si\/?page_id=11150"},"modified":"2025-02-07T10:35:26","modified_gmt":"2025-02-07T08:35:26","slug":"elementor-page-11150","status":"publish","type":"page","link":"http:\/\/mariposacoffee.si\/en\/elementor-page-11150\/","title":{"rendered":"coletivo brazil"},"content":{"rendered":"<div data-elementor-type=\"wp-page\" data-elementor-id=\"11150\" class=\"elementor elementor-11150\" data-elementor-post-type=\"page\">\n\t\t\t\t<div class=\"elementor-element elementor-element-25dda9b2 e-con-full e-flex e-con e-parent\" data-id=\"25dda9b2\" data-element_type=\"container\">\n\t\t<div class=\"elementor-element elementor-element-1708f190 e-con-full e-flex e-con e-child\" data-id=\"1708f190\" data-element_type=\"container\">\n\t\t\t\t<div class=\"elementor-element elementor-element-71a0de04 elementor-widget elementor-widget-image\" data-id=\"71a0de04\" data-element_type=\"widget\" data-widget_type=\"image.default\">\n\t\t\t\t<div class=\"elementor-widget-container\">\n\t\t\t\t\t\t\t\t\t\t\t\t\t\t\t<img fetchpriority=\"high\" decoding=\"async\" width=\"607\" height=\"500\" src=\"https:\/\/mariposacoffee.si\/wp-content\/uploads\/2021\/04\/mariposa-kava-brazilija.jpg\" class=\"attachment-full size-full wp-image-8783\" alt=\"mariposa kava brazilija\" srcset=\"https:\/\/mariposacoffee.si\/wp-content\/uploads\/2021\/04\/mariposa-kava-brazilija.jpg 607w, https:\/\/mariposacoffee.si\/wp-content\/uploads\/2021\/04\/mariposa-kava-brazilija-600x494.jpg 600w, https:\/\/mariposacoffee.si\/wp-content\/uploads\/2021\/04\/mariposa-kava-brazilija-300x247.jpg 300w, https:\/\/mariposacoffee.si\/wp-content\/uploads\/2021\/04\/mariposa-kava-brazilija-15x12.jpg 15w\" sizes=\"(max-width: 607px) 100vw, 607px\" \/>\t\t\t\t\t\t\t\t\t\t\t\t\t\t\t<\/div>\n\t\t\t\t<\/div>\n\t\t\t\t<\/div>\n\t\t<div class=\"elementor-element elementor-element-1e61a463 e-con-full e-flex e-con e-child\" data-id=\"1e61a463\" data-element_type=\"container\">\n\t\t\t\t<div class=\"elementor-element elementor-element-42d4f9f1 elementor-mobile_extra-align-center subtitle-position-above elementor-widget elementor-widget-heading\" data-id=\"42d4f9f1\" data-element_type=\"widget\" data-widget_type=\"heading.default\">\n\t\t\t\t<div class=\"elementor-widget-container\">\n\t\t\t\t\t<div class=\"elementor-heading-wrapper-inner\"><h2 class=\"elementor-heading-title elementor-size-xxl\">The origin of coffee<\/h2><\/div>\t\t\t\t<\/div>\n\t\t\t\t<\/div>\n\t\t<div class=\"elementor-element elementor-element-4ca31185 e-flex e-con-boxed e-con e-child\" data-id=\"4ca31185\" data-element_type=\"container\">\n\t\t\t\t\t<div class=\"e-con-inner\">\n\t\t<div class=\"elementor-element elementor-element-44ebedf5 e-con-full e-flex e-con e-child\" data-id=\"44ebedf5\" data-element_type=\"container\">\n\t\t\t\t<div class=\"elementor-element elementor-element-3bbec37a subtitle-position-above elementor-widget elementor-widget-heading\" data-id=\"3bbec37a\" data-element_type=\"widget\" data-widget_type=\"heading.default\">\n\t\t\t\t<div class=\"elementor-widget-container\">\n\t\t\t\t\t<div class=\"elementor-heading-wrapper-inner\"><h2 class=\"elementor-heading-title elementor-size-xxl\">Region<\/h2><\/div>\t\t\t\t<\/div>\n\t\t\t\t<\/div>\n\t\t\t\t<\/div>\n\t\t<div class=\"elementor-element elementor-element-50272971 e-con-full e-flex e-con e-child\" data-id=\"50272971\" data-element_type=\"container\">\n\t\t\t\t<div class=\"elementor-element elementor-element-2060bd8e elementor-widget elementor-widget-text-editor\" data-id=\"2060bd8e\" data-element_type=\"widget\" data-widget_type=\"text-editor.default\">\n\t\t\t\t<div class=\"elementor-widget-container\">\n\t\t\t\t\t\t\t\t\t<p>Caparao<\/p>\t\t\t\t\t\t\t\t<\/div>\n\t\t\t\t<\/div>\n\t\t\t\t<\/div>\n\t\t\t\t\t<\/div>\n\t\t\t\t<\/div>\n\t\t<div class=\"elementor-element elementor-element-22a5ec6a e-flex e-con-boxed e-con e-child\" data-id=\"22a5ec6a\" data-element_type=\"container\">\n\t\t\t\t\t<div class=\"e-con-inner\">\n\t\t<div class=\"elementor-element elementor-element-1599a3d6 e-con-full e-flex e-con e-child\" data-id=\"1599a3d6\" data-element_type=\"container\">\n\t\t\t\t<div class=\"elementor-element elementor-element-28aa88a5 subtitle-position-above elementor-widget elementor-widget-heading\" data-id=\"28aa88a5\" data-element_type=\"widget\" data-widget_type=\"heading.default\">\n\t\t\t\t<div class=\"elementor-widget-container\">\n\t\t\t\t\t<div class=\"elementor-heading-wrapper-inner\"><h2 class=\"elementor-heading-title elementor-size-xxl\">Manufacturer<\/h2><\/div>\t\t\t\t<\/div>\n\t\t\t\t<\/div>\n\t\t\t\t<\/div>\n\t\t<div class=\"elementor-element elementor-element-754be25f e-con-full e-flex e-con e-child\" data-id=\"754be25f\" data-element_type=\"container\">\n\t\t\t\t<div class=\"elementor-element elementor-element-1928016e elementor-widget elementor-widget-text-editor\" data-id=\"1928016e\" data-element_type=\"widget\" data-widget_type=\"text-editor.default\">\n\t\t\t\t<div class=\"elementor-widget-container\">\n\t\t\t\t\t\t\t\t\t<p>Several small farms<\/p>\t\t\t\t\t\t\t\t<\/div>\n\t\t\t\t<\/div>\n\t\t\t\t<\/div>\n\t\t\t\t\t<\/div>\n\t\t\t\t<\/div>\n\t\t<div class=\"elementor-element elementor-element-3fc4827b e-flex e-con-boxed e-con e-child\" data-id=\"3fc4827b\" data-element_type=\"container\">\n\t\t\t\t\t<div class=\"e-con-inner\">\n\t\t<div class=\"elementor-element elementor-element-467e165c e-con-full e-flex e-con e-child\" data-id=\"467e165c\" data-element_type=\"container\">\n\t\t\t\t<div class=\"elementor-element elementor-element-291aa55b subtitle-position-above elementor-widget elementor-widget-heading\" data-id=\"291aa55b\" data-element_type=\"widget\" data-widget_type=\"heading.default\">\n\t\t\t\t<div class=\"elementor-widget-container\">\n\t\t\t\t\t<div class=\"elementor-heading-wrapper-inner\"><h2 class=\"elementor-heading-title elementor-size-xxl\">Variety<\/h2><\/div>\t\t\t\t<\/div>\n\t\t\t\t<\/div>\n\t\t\t\t<\/div>\n\t\t<div class=\"elementor-element elementor-element-57eeabf1 e-con-full e-flex e-con e-child\" data-id=\"57eeabf1\" data-element_type=\"container\">\n\t\t\t\t<div class=\"elementor-element elementor-element-123b7256 elementor-widget elementor-widget-text-editor\" data-id=\"123b7256\" data-element_type=\"widget\" data-widget_type=\"text-editor.default\">\n\t\t\t\t<div class=\"elementor-widget-container\">\n\t\t\t\t\t\t\t\t\t<p>Catuai<\/p>\t\t\t\t\t\t\t\t<\/div>\n\t\t\t\t<\/div>\n\t\t\t\t<\/div>\n\t\t\t\t\t<\/div>\n\t\t\t\t<\/div>\n\t\t<div class=\"elementor-element elementor-element-2393a0b9 e-flex e-con-boxed e-con e-child\" data-id=\"2393a0b9\" data-element_type=\"container\">\n\t\t\t\t\t<div class=\"e-con-inner\">\n\t\t<div class=\"elementor-element elementor-element-5a8d736e e-con-full e-flex e-con e-child\" data-id=\"5a8d736e\" data-element_type=\"container\">\n\t\t\t\t<div class=\"elementor-element elementor-element-62958eed subtitle-position-above elementor-widget elementor-widget-heading\" data-id=\"62958eed\" data-element_type=\"widget\" data-widget_type=\"heading.default\">\n\t\t\t\t<div class=\"elementor-widget-container\">\n\t\t\t\t\t<div class=\"elementor-heading-wrapper-inner\"><h2 class=\"elementor-heading-title elementor-size-xxl\">Height<\/h2><\/div>\t\t\t\t<\/div>\n\t\t\t\t<\/div>\n\t\t\t\t<\/div>\n\t\t<div class=\"elementor-element elementor-element-7f01dd87 e-con-full e-flex e-con e-child\" data-id=\"7f01dd87\" data-element_type=\"container\">\n\t\t\t\t<div class=\"elementor-element elementor-element-2627f5bb elementor-widget elementor-widget-text-editor\" data-id=\"2627f5bb\" data-element_type=\"widget\" data-widget_type=\"text-editor.default\">\n\t\t\t\t<div class=\"elementor-widget-container\">\n\t\t\t\t\t\t\t\t\t<p>1100 masl<\/p>\t\t\t\t\t\t\t\t<\/div>\n\t\t\t\t<\/div>\n\t\t\t\t<\/div>\n\t\t\t\t\t<\/div>\n\t\t\t\t<\/div>\n\t\t<div class=\"elementor-element elementor-element-326035f2 e-flex e-con-boxed e-con e-child\" data-id=\"326035f2\" data-element_type=\"container\">\n\t\t\t\t\t<div class=\"e-con-inner\">\n\t\t<div class=\"elementor-element elementor-element-5499d5b3 e-con-full e-flex e-con e-child\" data-id=\"5499d5b3\" data-element_type=\"container\">\n\t\t\t\t<div class=\"elementor-element elementor-element-19284b59 subtitle-position-above elementor-widget elementor-widget-heading\" data-id=\"19284b59\" data-element_type=\"widget\" data-widget_type=\"heading.default\">\n\t\t\t\t<div class=\"elementor-widget-container\">\n\t\t\t\t\t<div class=\"elementor-heading-wrapper-inner\"><h2 class=\"elementor-heading-title elementor-size-xxl\">Process method<\/h2><\/div>\t\t\t\t<\/div>\n\t\t\t\t<\/div>\n\t\t\t\t<\/div>\n\t\t<div class=\"elementor-element elementor-element-5f9d4016 e-con-full e-flex e-con e-child\" data-id=\"5f9d4016\" data-element_type=\"container\">\n\t\t\t\t<div class=\"elementor-element elementor-element-7525c7ab elementor-widget elementor-widget-text-editor\" data-id=\"7525c7ab\" data-element_type=\"widget\" data-widget_type=\"text-editor.default\">\n\t\t\t\t<div class=\"elementor-widget-container\">\n\t\t\t\t\t\t\t\t\t<p>natural<\/p>\t\t\t\t\t\t\t\t<\/div>\n\t\t\t\t<\/div>\n\t\t\t\t<\/div>\n\t\t\t\t\t<\/div>\n\t\t\t\t<\/div>\n\t\t\t\t<\/div>\n\t\t\t\t<\/div>\n\t\t<div class=\"elementor-element elementor-element-5d6a9c60 e-con-full e-flex e-con e-parent\" data-id=\"5d6a9c60\" data-element_type=\"container\">\n\t\t<div class=\"elementor-element elementor-element-14a9f6a1 e-con-full e-flex e-con e-child\" data-id=\"14a9f6a1\" data-element_type=\"container\">\n\t\t\t\t<div class=\"elementor-element elementor-element-5ccf2c44 elementor-mobile_extra-align-center subtitle-position-above elementor-widget elementor-widget-heading\" data-id=\"5ccf2c44\" data-element_type=\"widget\" data-widget_type=\"heading.default\">\n\t\t\t\t<div class=\"elementor-widget-container\">\n\t\t\t\t\t<div class=\"elementor-heading-wrapper-inner\"><h2 class=\"elementor-heading-title elementor-size-xxl\">Story<\/h2><\/div>\t\t\t\t<\/div>\n\t\t\t\t<\/div>\n\t\t\t\t<div class=\"elementor-element elementor-element-72b0a00 elementor-widget elementor-widget-text-editor\" data-id=\"72b0a00\" data-element_type=\"widget\" data-widget_type=\"text-editor.default\">\n\t\t\t\t<div class=\"elementor-widget-container\">\n\t\t\t\t\t\t\t\t\t<p>Caparao National Park in Brazil has become a well-known center for the production of extremely high-quality specialty coffees in the last decade. In this region, growers are focused on producing the best coffees, which is already reflected in the many awards and recognitions they receive in various competitions and evaluations.<\/p><p>This micro-region is located next to the Brazilian National Park, which surrounds the third highest mountain in Brazil, Pico de Bandeira (2892 m above sea level). The region is characterized by small family farms, a traditional approach to coffee production and top quality coffee with a unique aroma. The name Caparao comes from the language of the Tupi Indian tribe and translates as &quot;water that rolls stones&quot;. Mount Caparao is truly rich in crystalline water sources that take care of the necessary watering of the coffee bushes. As it is part of a national park, all agricultural practices are in harmony with nature.<\/p>\t\t\t\t\t\t\t\t<\/div>\n\t\t\t\t<\/div>\n\t\t\t\t<\/div>\n\t\t<div class=\"elementor-element elementor-element-287d1e24 e-con-full e-flex e-con e-child\" data-id=\"287d1e24\" data-element_type=\"container\">\n\t\t\t\t<div class=\"elementor-element elementor-element-73de32c6 elementor-widget elementor-widget-image\" data-id=\"73de32c6\" data-element_type=\"widget\" data-widget_type=\"image.default\">\n\t\t\t\t<div class=\"elementor-widget-container\">\n\t\t\t\t\t\t\t\t\t\t\t\t\t\t\t<img decoding=\"async\" width=\"1024\" height=\"683\" src=\"https:\/\/mariposacoffee.si\/wp-content\/uploads\/ele-custom-shapes\/caparao_atlantic_forest_opt-1.jpg\" class=\"attachment-full size-full wp-image-11957\" alt=\"\" srcset=\"https:\/\/mariposacoffee.si\/wp-content\/uploads\/ele-custom-shapes\/caparao_atlantic_forest_opt-1.jpg 1024w, https:\/\/mariposacoffee.si\/wp-content\/uploads\/ele-custom-shapes\/caparao_atlantic_forest_opt-1-300x200.jpg 300w, https:\/\/mariposacoffee.si\/wp-content\/uploads\/ele-custom-shapes\/caparao_atlantic_forest_opt-1-768x512.jpg 768w, https:\/\/mariposacoffee.si\/wp-content\/uploads\/ele-custom-shapes\/caparao_atlantic_forest_opt-1-18x12.jpg 18w, https:\/\/mariposacoffee.si\/wp-content\/uploads\/ele-custom-shapes\/caparao_atlantic_forest_opt-1-600x400.jpg 600w\" sizes=\"(max-width: 1024px) 100vw, 1024px\" \/>\t\t\t\t\t\t\t\t\t\t\t\t\t\t\t<\/div>\n\t\t\t\t<\/div>\n\t\t\t\t<\/div>\n\t\t\t\t<\/div>\n\t\t<div class=\"elementor-element elementor-element-709bba5 e-flex e-con-boxed e-con e-parent\" data-id=\"709bba5\" data-element_type=\"container\">\n\t\t\t\t\t<div class=\"e-con-inner\">\n\t\t\t\t<div class=\"elementor-element elementor-element-ce66dac elementor-widget elementor-widget-text-editor\" data-id=\"ce66dac\" data-element_type=\"widget\" data-widget_type=\"text-editor.default\">\n\t\t\t\t<div class=\"elementor-widget-container\">\n\t\t\t\t\t\t\t\t\t<p>When the coffee cherries reach the desired humidity, they are hermetically packed for two months, which balances out the flavors and stabilizes the water activity. Afterwards, the cherries are used to fertilize the soil, while the coffee beans are sent to the port of Koper. Instead of forming large homogenous lots by machine harvesting, Coletivo coffee is created by combining smaller lots, creating a unique sensory profile.<\/p><p>Coletivo coffee proudly reflects the terroir of the Caparao mountain microregion, respects nature and expresses elegance in the cup. Its clean and stable sensory profile with a medium-bodied body evokes flavors of caramel, nuts and honey. Light roasting brings out the complexity of the flavors with a gentle touch of citric acid. Darker roasting creates a stronger body with a rich chocolate flavor.<\/p>\t\t\t\t\t\t\t\t<\/div>\n\t\t\t\t<\/div>\n\t\t\t\t\t<\/div>\n\t\t\t\t<\/div>\n\t\t\t\t<\/div>","protected":false},"excerpt":{"rendered":"<p>Poreklo kave Regija Caparao Proivajalec Ve\u010d manj\u0161ih kmetij Sorta Catuai Vi\u0161ina rasti 1100 m.n.v. Procesna metoda natural Zgodba Caparao narodni park v Braziliji je postal znano sredi\u0161\u010de za pridelavo izjemno kakovostnih specialty kav v zadnjem desetletju. V tej regiji so pridelovalci usmerjeni v izdelavo najbolj\u0161ih kav, kar se \u017ee odra\u017ea v \u0161tevilnih nagradah in priznanjih, [&hellip;]<\/p>\n","protected":false},"author":1,"featured_media":0,"parent":0,"menu_order":0,"comment_status":"closed","ping_status":"closed","template":"","meta":{"footnotes":""},"class_list":["post-11150","page","type-page","status-publish","hentry"],"jetpack_sharing_enabled":true,"_links":{"self":[{"href":"http:\/\/mariposacoffee.si\/en\/wp-json\/wp\/v2\/pages\/11150","targetHints":{"allow":["GET"]}}],"collection":[{"href":"http:\/\/mariposacoffee.si\/en\/wp-json\/wp\/v2\/pages"}],"about":[{"href":"http:\/\/mariposacoffee.si\/en\/wp-json\/wp\/v2\/types\/page"}],"author":[{"embeddable":true,"href":"http:\/\/mariposacoffee.si\/en\/wp-json\/wp\/v2\/users\/1"}],"replies":[{"embeddable":true,"href":"http:\/\/mariposacoffee.si\/en\/wp-json\/wp\/v2\/comments?post=11150"}],"version-history":[{"count":19,"href":"http:\/\/mariposacoffee.si\/en\/wp-json\/wp\/v2\/pages\/11150\/revisions"}],"predecessor-version":[{"id":11986,"href":"http:\/\/mariposacoffee.si\/en\/wp-json\/wp\/v2\/pages\/11150\/revisions\/11986"}],"wp:attachment":[{"href":"http:\/\/mariposacoffee.si\/en\/wp-json\/wp\/v2\/media?parent=11150"}],"curies":[{"name":"wp","href":"https:\/\/api.w.org\/{rel}","templated":true}]}}