{"id":11987,"date":"2025-02-07T10:41:26","date_gmt":"2025-02-07T08:41:26","guid":{"rendered":"https:\/\/mariposacoffee.si\/?page_id=11987"},"modified":"2025-03-02T15:22:07","modified_gmt":"2025-03-02T13:22:07","slug":"elementor-11987","status":"publish","type":"page","link":"http:\/\/mariposacoffee.si\/en\/elementor-11987\/","title":{"rendered":"Guatemala Los Arroyos"},"content":{"rendered":"<div data-elementor-type=\"wp-page\" data-elementor-id=\"11987\" class=\"elementor elementor-11987\" data-elementor-post-type=\"page\">\n\t\t\t\t<div class=\"elementor-element elementor-element-fa5de8d e-flex e-con-boxed e-con e-parent\" data-id=\"fa5de8d\" data-element_type=\"container\">\n\t\t\t\t\t<div class=\"e-con-inner\">\n\t\t<div class=\"elementor-element elementor-element-3b75ce5 e-con-full e-flex e-con e-child\" data-id=\"3b75ce5\" data-element_type=\"container\">\n\t\t\t\t<div class=\"elementor-element elementor-element-a89f5a2 subtitle-position-below elementor-align-left elementor-widget elementor-widget-heading\" data-id=\"a89f5a2\" data-element_type=\"widget\" data-widget_type=\"heading.default\">\n\t\t\t\t<div class=\"elementor-widget-container\">\n\t\t\t\t\t<div class=\"elementor-heading-wrapper-inner\"><h3 class=\"elementor-heading-title elementor-size-large\">Flavor profile<\/h3><div class=\"elementor-sub-title\">milk chocolate, nougat, roasted almonds, citrus fruits<\/div><\/div>\t\t\t\t<\/div>\n\t\t\t\t<\/div>\n\t\t\t\t<div class=\"elementor-element elementor-element-d6779e8 subtitle-position-below elementor-align-left elementor-widget elementor-widget-heading\" data-id=\"d6779e8\" data-element_type=\"widget\" data-widget_type=\"heading.default\">\n\t\t\t\t<div class=\"elementor-widget-container\">\n\t\t\t\t\t<div class=\"elementor-heading-wrapper-inner\"><h3 class=\"elementor-heading-title elementor-size-large\">Roasting<\/h3><\/div>\t\t\t\t<\/div>\n\t\t\t\t<\/div>\n\t\t\t\t<div class=\"elementor-element elementor-element-8bac75e elementor-widget elementor-widget-image\" data-id=\"8bac75e\" data-element_type=\"widget\" data-widget_type=\"image.default\">\n\t\t\t\t<div class=\"elementor-widget-container\">\n\t\t\t\t\t\t\t\t\t\t\t\t\t\t\t<img decoding=\"async\" width=\"400\" height=\"50\" src=\"https:\/\/mariposacoffee.si\/wp-content\/uploads\/ele-custom-shapes\/Stopnja-prazenja-srednje.png\" class=\"attachment-full size-full wp-image-12586\" alt=\"\" srcset=\"https:\/\/mariposacoffee.si\/wp-content\/uploads\/ele-custom-shapes\/Stopnja-prazenja-srednje.png 400w, https:\/\/mariposacoffee.si\/wp-content\/uploads\/ele-custom-shapes\/Stopnja-prazenja-srednje-300x38.png 300w, https:\/\/mariposacoffee.si\/wp-content\/uploads\/ele-custom-shapes\/Stopnja-prazenja-srednje-18x2.png 18w\" sizes=\"(max-width: 400px) 100vw, 400px\" \/>\t\t\t\t\t\t\t\t\t\t\t\t\t\t\t<\/div>\n\t\t\t\t<\/div>\n\t\t\t\t<\/div>\n\t\t<div class=\"elementor-element elementor-element-93772d9 e-con-full e-flex e-con e-child\" data-id=\"93772d9\" data-element_type=\"container\">\n\t\t\t\t<div class=\"elementor-element elementor-element-10f6181 elementor-widget elementor-widget-image\" data-id=\"10f6181\" data-element_type=\"widget\" data-widget_type=\"image.default\">\n\t\t\t\t<div class=\"elementor-widget-container\">\n\t\t\t\t\t\t\t\t\t\t\t\t\t\t\t<img fetchpriority=\"high\" decoding=\"async\" width=\"400\" height=\"400\" src=\"https:\/\/mariposacoffee.si\/wp-content\/uploads\/ele-custom-shapes\/gvatemala-los-arroyos-profil.png\" class=\"attachment-full size-full wp-image-12585\" alt=\"\" srcset=\"https:\/\/mariposacoffee.si\/wp-content\/uploads\/ele-custom-shapes\/gvatemala-los-arroyos-profil.png 400w, https:\/\/mariposacoffee.si\/wp-content\/uploads\/ele-custom-shapes\/gvatemala-los-arroyos-profil-300x300.png 300w, https:\/\/mariposacoffee.si\/wp-content\/uploads\/ele-custom-shapes\/gvatemala-los-arroyos-profil-80x80.png 80w, https:\/\/mariposacoffee.si\/wp-content\/uploads\/ele-custom-shapes\/gvatemala-los-arroyos-profil-12x12.png 12w, https:\/\/mariposacoffee.si\/wp-content\/uploads\/ele-custom-shapes\/gvatemala-los-arroyos-profil-90x90.png 90w\" sizes=\"(max-width: 400px) 100vw, 400px\" \/>\t\t\t\t\t\t\t\t\t\t\t\t\t\t\t<\/div>\n\t\t\t\t<\/div>\n\t\t\t\t<\/div>\n\t\t\t\t\t<\/div>\n\t\t\t\t<\/div>\n\t\t<div class=\"elementor-element elementor-element-3cafa32 e-con-full e-flex e-con e-parent\" data-id=\"3cafa32\" data-element_type=\"container\">\n\t\t<div class=\"elementor-element elementor-element-14a225b5 e-con-full e-flex e-con e-child\" data-id=\"14a225b5\" data-element_type=\"container\">\n\t\t\t\t<div class=\"elementor-element elementor-element-20aa0d9b elementor-widget elementor-widget-image\" data-id=\"20aa0d9b\" data-element_type=\"widget\" data-widget_type=\"image.default\">\n\t\t\t\t<div class=\"elementor-widget-container\">\n\t\t\t\t\t\t\t\t\t\t\t\t\t\t\t<img decoding=\"async\" width=\"607\" height=\"500\" src=\"https:\/\/mariposacoffee.si\/wp-content\/uploads\/2021\/09\/mariposa-kava-gvatemala.jpg\" class=\"attachment-full size-full wp-image-8782\" alt=\"mariposa kava gvatemala\" srcset=\"https:\/\/mariposacoffee.si\/wp-content\/uploads\/2021\/09\/mariposa-kava-gvatemala.jpg 607w, https:\/\/mariposacoffee.si\/wp-content\/uploads\/2021\/09\/mariposa-kava-gvatemala-600x494.jpg 600w, https:\/\/mariposacoffee.si\/wp-content\/uploads\/2021\/09\/mariposa-kava-gvatemala-300x247.jpg 300w, https:\/\/mariposacoffee.si\/wp-content\/uploads\/2021\/09\/mariposa-kava-gvatemala-15x12.jpg 15w\" sizes=\"(max-width: 607px) 100vw, 607px\" \/>\t\t\t\t\t\t\t\t\t\t\t\t\t\t\t<\/div>\n\t\t\t\t<\/div>\n\t\t\t\t<\/div>\n\t\t<div class=\"elementor-element elementor-element-52f1bbbb e-con-full e-flex e-con e-child\" data-id=\"52f1bbbb\" data-element_type=\"container\">\n\t\t\t\t<div class=\"elementor-element elementor-element-23705caa elementor-mobile_extra-align-center subtitle-position-above elementor-widget elementor-widget-heading\" data-id=\"23705caa\" data-element_type=\"widget\" data-widget_type=\"heading.default\">\n\t\t\t\t<div class=\"elementor-widget-container\">\n\t\t\t\t\t<div class=\"elementor-heading-wrapper-inner\"><h3 class=\"elementor-heading-title elementor-size-large\">The origin of coffee<\/h3><\/div>\t\t\t\t<\/div>\n\t\t\t\t<\/div>\n\t\t<div class=\"elementor-element elementor-element-7afe42cf e-flex e-con-boxed e-con e-child\" data-id=\"7afe42cf\" data-element_type=\"container\">\n\t\t\t\t\t<div class=\"e-con-inner\">\n\t\t<div class=\"elementor-element elementor-element-7cdaade0 e-con-full e-flex e-con e-child\" data-id=\"7cdaade0\" data-element_type=\"container\">\n\t\t\t\t<div class=\"elementor-element elementor-element-189709bc subtitle-position-above elementor-widget elementor-widget-heading\" data-id=\"189709bc\" data-element_type=\"widget\" data-widget_type=\"heading.default\">\n\t\t\t\t<div class=\"elementor-widget-container\">\n\t\t\t\t\t<div class=\"elementor-heading-wrapper-inner\"><h2 class=\"elementor-heading-title elementor-size-xxl\">Region<\/h2><\/div>\t\t\t\t<\/div>\n\t\t\t\t<\/div>\n\t\t\t\t<\/div>\n\t\t<div class=\"elementor-element elementor-element-3bc4034f e-con-full e-flex e-con e-child\" data-id=\"3bc4034f\" data-element_type=\"container\">\n\t\t\t\t<div class=\"elementor-element elementor-element-d6a5908 elementor-widget elementor-widget-text-editor\" data-id=\"d6a5908\" data-element_type=\"widget\" data-widget_type=\"text-editor.default\">\n\t\t\t\t<div class=\"elementor-widget-container\">\n\t\t\t\t\t\t\t\t\t<div class=\"col-xs-12 margin-row\"><p>Huehuetenango<\/p><\/div>\t\t\t\t\t\t\t\t<\/div>\n\t\t\t\t<\/div>\n\t\t\t\t<\/div>\n\t\t\t\t\t<\/div>\n\t\t\t\t<\/div>\n\t\t<div class=\"elementor-element elementor-element-3d507549 e-flex e-con-boxed e-con e-child\" data-id=\"3d507549\" data-element_type=\"container\">\n\t\t\t\t\t<div class=\"e-con-inner\">\n\t\t<div class=\"elementor-element elementor-element-17c4681f e-con-full e-flex e-con e-child\" data-id=\"17c4681f\" data-element_type=\"container\">\n\t\t\t\t<div class=\"elementor-element elementor-element-7c4c416e subtitle-position-above elementor-widget elementor-widget-heading\" data-id=\"7c4c416e\" data-element_type=\"widget\" data-widget_type=\"heading.default\">\n\t\t\t\t<div class=\"elementor-widget-container\">\n\t\t\t\t\t<div class=\"elementor-heading-wrapper-inner\"><h2 class=\"elementor-heading-title elementor-size-xxl\">Manufacturer<\/h2><\/div>\t\t\t\t<\/div>\n\t\t\t\t<\/div>\n\t\t\t\t<\/div>\n\t\t<div class=\"elementor-element elementor-element-428dd210 e-con-full e-flex e-con e-child\" data-id=\"428dd210\" data-element_type=\"container\">\n\t\t\t\t<div class=\"elementor-element elementor-element-68fefd9b elementor-widget elementor-widget-text-editor\" data-id=\"68fefd9b\" data-element_type=\"widget\" data-widget_type=\"text-editor.default\">\n\t\t\t\t<div class=\"elementor-widget-container\">\n\t\t\t\t\t\t\t\t\t<div class=\"col-xs-12 margin-row\"><p>Felipe Venenciano Martinez Lopez<\/p><\/div>\t\t\t\t\t\t\t\t<\/div>\n\t\t\t\t<\/div>\n\t\t\t\t<\/div>\n\t\t\t\t\t<\/div>\n\t\t\t\t<\/div>\n\t\t<div class=\"elementor-element elementor-element-5415dc59 e-flex e-con-boxed e-con e-child\" data-id=\"5415dc59\" data-element_type=\"container\">\n\t\t\t\t\t<div class=\"e-con-inner\">\n\t\t<div class=\"elementor-element elementor-element-34fef4f4 e-con-full e-flex e-con e-child\" data-id=\"34fef4f4\" data-element_type=\"container\">\n\t\t\t\t<div class=\"elementor-element elementor-element-20015455 subtitle-position-above elementor-widget elementor-widget-heading\" data-id=\"20015455\" data-element_type=\"widget\" data-widget_type=\"heading.default\">\n\t\t\t\t<div class=\"elementor-widget-container\">\n\t\t\t\t\t<div class=\"elementor-heading-wrapper-inner\"><h2 class=\"elementor-heading-title elementor-size-xxl\">Variety<\/h2><\/div>\t\t\t\t<\/div>\n\t\t\t\t<\/div>\n\t\t\t\t<\/div>\n\t\t<div class=\"elementor-element elementor-element-6642c968 e-con-full e-flex e-con e-child\" data-id=\"6642c968\" data-element_type=\"container\">\n\t\t\t\t<div class=\"elementor-element elementor-element-3e29eabf elementor-widget elementor-widget-text-editor\" data-id=\"3e29eabf\" data-element_type=\"widget\" data-widget_type=\"text-editor.default\">\n\t\t\t\t<div class=\"elementor-widget-container\">\n\t\t\t\t\t\t\t\t\t<div class=\"col-xs-12 margin-row\"><p>Caturra, Catuai, Pache<\/p><\/div>\t\t\t\t\t\t\t\t<\/div>\n\t\t\t\t<\/div>\n\t\t\t\t<\/div>\n\t\t\t\t\t<\/div>\n\t\t\t\t<\/div>\n\t\t<div class=\"elementor-element elementor-element-227b9fa e-flex e-con-boxed e-con e-child\" data-id=\"227b9fa\" data-element_type=\"container\">\n\t\t\t\t\t<div class=\"e-con-inner\">\n\t\t<div class=\"elementor-element elementor-element-5c744b2b e-con-full e-flex e-con e-child\" data-id=\"5c744b2b\" data-element_type=\"container\">\n\t\t\t\t<div class=\"elementor-element elementor-element-16f276d6 subtitle-position-above elementor-widget elementor-widget-heading\" data-id=\"16f276d6\" data-element_type=\"widget\" data-widget_type=\"heading.default\">\n\t\t\t\t<div class=\"elementor-widget-container\">\n\t\t\t\t\t<div class=\"elementor-heading-wrapper-inner\"><h2 class=\"elementor-heading-title elementor-size-xxl\">Height<\/h2><\/div>\t\t\t\t<\/div>\n\t\t\t\t<\/div>\n\t\t\t\t<\/div>\n\t\t<div class=\"elementor-element elementor-element-7d59d446 e-con-full e-flex e-con e-child\" data-id=\"7d59d446\" data-element_type=\"container\">\n\t\t\t\t<div class=\"elementor-element elementor-element-14683ed5 elementor-widget elementor-widget-text-editor\" data-id=\"14683ed5\" data-element_type=\"widget\" data-widget_type=\"text-editor.default\">\n\t\t\t\t<div class=\"elementor-widget-container\">\n\t\t\t\t\t\t\t\t\t<p>1600 meters above sea level<\/p>\t\t\t\t\t\t\t\t<\/div>\n\t\t\t\t<\/div>\n\t\t\t\t<\/div>\n\t\t\t\t\t<\/div>\n\t\t\t\t<\/div>\n\t\t<div class=\"elementor-element elementor-element-6aaac1b0 e-flex e-con-boxed e-con e-child\" data-id=\"6aaac1b0\" data-element_type=\"container\">\n\t\t\t\t\t<div class=\"e-con-inner\">\n\t\t<div class=\"elementor-element elementor-element-efdee72 e-con-full e-flex e-con e-child\" data-id=\"efdee72\" data-element_type=\"container\">\n\t\t\t\t<div class=\"elementor-element elementor-element-40e0f82c subtitle-position-above elementor-widget elementor-widget-heading\" data-id=\"40e0f82c\" data-element_type=\"widget\" data-widget_type=\"heading.default\">\n\t\t\t\t<div class=\"elementor-widget-container\">\n\t\t\t\t\t<div class=\"elementor-heading-wrapper-inner\"><h2 class=\"elementor-heading-title elementor-size-xxl\">Process method<\/h2><\/div>\t\t\t\t<\/div>\n\t\t\t\t<\/div>\n\t\t\t\t<\/div>\n\t\t<div class=\"elementor-element elementor-element-5b9698fa e-con-full e-flex e-con e-child\" data-id=\"5b9698fa\" data-element_type=\"container\">\n\t\t\t\t<div class=\"elementor-element elementor-element-641f6700 elementor-widget elementor-widget-text-editor\" data-id=\"641f6700\" data-element_type=\"widget\" data-widget_type=\"text-editor.default\">\n\t\t\t\t<div class=\"elementor-widget-container\">\n\t\t\t\t\t\t\t\t\t<p>washed<\/p>\t\t\t\t\t\t\t\t<\/div>\n\t\t\t\t<\/div>\n\t\t\t\t<\/div>\n\t\t\t\t\t<\/div>\n\t\t\t\t<\/div>\n\t\t\t\t<\/div>\n\t\t\t\t<\/div>\n\t\t<div class=\"elementor-element elementor-element-72c067b4 e-con-full e-flex e-con e-parent\" data-id=\"72c067b4\" data-element_type=\"container\">\n\t\t<div class=\"elementor-element elementor-element-45b32de6 e-con-full e-flex e-con e-child\" data-id=\"45b32de6\" data-element_type=\"container\">\n\t\t\t\t<div class=\"elementor-element elementor-element-7f1ef46c elementor-mobile_extra-align-center subtitle-position-above elementor-widget elementor-widget-heading\" data-id=\"7f1ef46c\" data-element_type=\"widget\" data-widget_type=\"heading.default\">\n\t\t\t\t<div class=\"elementor-widget-container\">\n\t\t\t\t\t<div class=\"elementor-heading-wrapper-inner\"><h3 class=\"elementor-heading-title elementor-size-large\">Story<\/h3><\/div>\t\t\t\t<\/div>\n\t\t\t\t<\/div>\n\t\t\t\t<div class=\"elementor-element elementor-element-5a039d05 elementor-widget elementor-widget-text-editor\" data-id=\"5a039d05\" data-element_type=\"widget\" data-widget_type=\"text-editor.default\">\n\t\t\t\t<div class=\"elementor-widget-container\">\n\t\t\t\t\t\t\t\t\t<p class=\"mb-2 whitespace-pre-line last:mb-0\">Felipe Venenciano Martinez Lopez and his three sons run the farm and oversee the production, growing the Caturra, Catuai and Pache varieties. We are excited to present this coffee as a single-farm offering that carries the story of Felipe and his family.<\/p><p class=\"mb-2 whitespace-pre-line last:mb-0\">Huehuetenango is located in the rocky western highlands of Guatemala, along the border with Mexico. Due to its altitude and diverse microclimates, this mountainous region is known worldwide for coffees with a distinct and fresh acidity.<\/p>\t\t\t\t\t\t\t\t<\/div>\n\t\t\t\t<\/div>\n\t\t\t\t<\/div>\n\t\t<div class=\"elementor-element elementor-element-54b98609 e-con-full e-flex e-con e-child\" data-id=\"54b98609\" data-element_type=\"container\">\n\t\t\t\t<div class=\"elementor-element elementor-element-4829aa70 elementor-widget elementor-widget-image\" data-id=\"4829aa70\" data-element_type=\"widget\" data-widget_type=\"image.default\">\n\t\t\t\t<div class=\"elementor-widget-container\">\n\t\t\t\t\t\t\t\t\t\t\t\t\t\t\t<img loading=\"lazy\" decoding=\"async\" width=\"1024\" height=\"683\" src=\"https:\/\/mariposacoffee.si\/wp-content\/uploads\/ele-custom-shapes\/caparao_atlantic_forest_opt-1.jpg\" class=\"attachment-full size-full wp-image-11957\" alt=\"\" srcset=\"https:\/\/mariposacoffee.si\/wp-content\/uploads\/ele-custom-shapes\/caparao_atlantic_forest_opt-1.jpg 1024w, https:\/\/mariposacoffee.si\/wp-content\/uploads\/ele-custom-shapes\/caparao_atlantic_forest_opt-1-300x200.jpg 300w, https:\/\/mariposacoffee.si\/wp-content\/uploads\/ele-custom-shapes\/caparao_atlantic_forest_opt-1-768x512.jpg 768w, https:\/\/mariposacoffee.si\/wp-content\/uploads\/ele-custom-shapes\/caparao_atlantic_forest_opt-1-18x12.jpg 18w, https:\/\/mariposacoffee.si\/wp-content\/uploads\/ele-custom-shapes\/caparao_atlantic_forest_opt-1-600x400.jpg 600w\" sizes=\"(max-width: 1024px) 100vw, 1024px\" \/>\t\t\t\t\t\t\t\t\t\t\t\t\t\t\t<\/div>\n\t\t\t\t<\/div>\n\t\t\t\t<\/div>\n\t\t\t\t<\/div>\n\t\t<div class=\"elementor-element elementor-element-329bf09b e-flex e-con-boxed e-con e-parent\" data-id=\"329bf09b\" data-element_type=\"container\">\n\t\t\t\t\t<div class=\"e-con-inner\">\n\t\t\t\t<div class=\"elementor-element elementor-element-ad73e47 elementor-widget elementor-widget-text-editor\" data-id=\"ad73e47\" data-element_type=\"widget\" data-widget_type=\"text-editor.default\">\n\t\t\t\t<div class=\"elementor-widget-container\">\n\t\t\t\t\t\t\t\t\t<p class=\"mb-2 whitespace-pre-line last:mb-0\">Huehuetenango is located in the Los Cuchumatanes mountain range, whose highest point, known as \u201cLa Torre,\u201d reaches almost 3,800 meters above sea level. Of the three non-volcanic coffee-growing regions in Guatemala, Huehuetenango is the highest and driest growing region. Dry, hot winds blowing from Mexico\u2019s Tehuantepec plains protect the region from frost, allowing coffee to be grown up to 2,000 meters above sea level. Cool, fresh winds from the Cuchumatanes mountain range help regulate temperatures, which range between 20 and 24 degrees Celsius.<\/p><p class=\"mb-2 whitespace-pre-line last:mb-0\">Located in the rugged terrain of La Libertad region in Huehuetenango, Guatemala, Los Arroyos Farm\u2019s 50 hectares of sloping fields require careful cultivation and logistics, as they range from 1,400 to 1,800 meters above sea level.<\/p><p class=\"mb-2 whitespace-pre-line last:mb-0\">The farm has four wet mills that act as satellites to the central mill and drying yard. At these mills, the coffee is destemmed and fermented before being transported down the slopes to dry. Using these satellites has several advantages; the cooler temperatures and higher altitudes allow for longer fermentation times, which contributes to greater flavor complexity in the cup. Additionally, it is easier to transport the processed coffee from the steep fields to the central mill for drying. After fermentation, the coffee is dried in concrete yards at the central facility.<\/p>\t\t\t\t\t\t\t\t<\/div>\n\t\t\t\t<\/div>\n\t\t\t\t\t<\/div>\n\t\t\t\t<\/div>\n\t\t\t\t<\/div>","protected":false},"excerpt":{"rendered":"<p>Profil okusa mle\u010dna \u010dokolada, nugat, pra\u017eeni mandlji, citrusi Pra\u017eenje Poreklo kave Regija Huehuetenango Proivajalec Felipe Venenciano Martinez Lopez Sorta Caturra, Catuai, Pache Vi\u0161ina rasti 1600 m.n.v. Procesna metoda washed Zgodba Felipe Venenciano Martinez Lopez in njegovi trije sinovi vodijo kmetijo ter nadzorujejo pridelavo, pri \u010demer gojijo sorte Caturra, Catuai in Pache. Z velikim navdu\u0161enjem predstavljamo [&hellip;]<\/p>\n","protected":false},"author":1,"featured_media":0,"parent":0,"menu_order":0,"comment_status":"closed","ping_status":"closed","template":"","meta":{"footnotes":""},"class_list":["post-11987","page","type-page","status-publish","hentry"],"jetpack_sharing_enabled":true,"_links":{"self":[{"href":"http:\/\/mariposacoffee.si\/en\/wp-json\/wp\/v2\/pages\/11987","targetHints":{"allow":["GET"]}}],"collection":[{"href":"http:\/\/mariposacoffee.si\/en\/wp-json\/wp\/v2\/pages"}],"about":[{"href":"http:\/\/mariposacoffee.si\/en\/wp-json\/wp\/v2\/types\/page"}],"author":[{"embeddable":true,"href":"http:\/\/mariposacoffee.si\/en\/wp-json\/wp\/v2\/users\/1"}],"replies":[{"embeddable":true,"href":"http:\/\/mariposacoffee.si\/en\/wp-json\/wp\/v2\/comments?post=11987"}],"version-history":[{"count":13,"href":"http:\/\/mariposacoffee.si\/en\/wp-json\/wp\/v2\/pages\/11987\/revisions"}],"predecessor-version":[{"id":12600,"href":"http:\/\/mariposacoffee.si\/en\/wp-json\/wp\/v2\/pages\/11987\/revisions\/12600"}],"wp:attachment":[{"href":"http:\/\/mariposacoffee.si\/en\/wp-json\/wp\/v2\/media?parent=11987"}],"curies":[{"name":"wp","href":"https:\/\/api.w.org\/{rel}","templated":true}]}}