{"id":11995,"date":"2025-02-07T10:47:58","date_gmt":"2025-02-07T08:47:58","guid":{"rendered":"https:\/\/mariposacoffee.si\/?page_id=11995"},"modified":"2025-03-02T15:21:27","modified_gmt":"2025-03-02T13:21:27","slug":"kolumbija-el-paraiso","status":"publish","type":"page","link":"http:\/\/mariposacoffee.si\/en\/kolumbija-el-paraiso\/","title":{"rendered":"Colombia, paradise"},"content":{"rendered":"<div data-elementor-type=\"wp-page\" data-elementor-id=\"11995\" class=\"elementor elementor-11995\" data-elementor-post-type=\"page\">\n\t\t\t\t<div class=\"elementor-element elementor-element-4be8189 e-flex e-con-boxed e-con e-parent\" data-id=\"4be8189\" data-element_type=\"container\">\n\t\t\t\t\t<div class=\"e-con-inner\">\n\t\t<div class=\"elementor-element elementor-element-4acd274 e-con-full e-flex e-con e-child\" data-id=\"4acd274\" data-element_type=\"container\">\n\t\t\t\t<div class=\"elementor-element elementor-element-07feaa0 subtitle-position-below elementor-align-left elementor-widget elementor-widget-heading\" data-id=\"07feaa0\" data-element_type=\"widget\" data-widget_type=\"heading.default\">\n\t\t\t\t<div class=\"elementor-widget-container\">\n\t\t\t\t\t<div class=\"elementor-heading-wrapper-inner\"><h3 class=\"elementor-heading-title elementor-size-large\">Flavor profile<\/h3><div class=\"elementor-sub-title\">brown sugar, dark chocolate, tangerine<\/div><\/div>\t\t\t\t<\/div>\n\t\t\t\t<\/div>\n\t\t\t\t<div class=\"elementor-element elementor-element-337abef subtitle-position-below elementor-align-left elementor-widget elementor-widget-heading\" data-id=\"337abef\" data-element_type=\"widget\" data-widget_type=\"heading.default\">\n\t\t\t\t<div class=\"elementor-widget-container\">\n\t\t\t\t\t<div class=\"elementor-heading-wrapper-inner\"><h3 class=\"elementor-heading-title elementor-size-large\">Roasting<\/h3><\/div>\t\t\t\t<\/div>\n\t\t\t\t<\/div>\n\t\t\t\t<div class=\"elementor-element elementor-element-72ea213 elementor-widget elementor-widget-image\" data-id=\"72ea213\" data-element_type=\"widget\" data-widget_type=\"image.default\">\n\t\t\t\t<div class=\"elementor-widget-container\">\n\t\t\t\t\t\t\t\t\t\t\t\t\t\t\t<img decoding=\"async\" width=\"400\" height=\"50\" src=\"https:\/\/mariposacoffee.si\/wp-content\/uploads\/ele-custom-shapes\/Stopnja-prazenja-srednje.png\" class=\"attachment-full size-full wp-image-12586\" alt=\"\" srcset=\"https:\/\/mariposacoffee.si\/wp-content\/uploads\/ele-custom-shapes\/Stopnja-prazenja-srednje.png 400w, https:\/\/mariposacoffee.si\/wp-content\/uploads\/ele-custom-shapes\/Stopnja-prazenja-srednje-300x38.png 300w, https:\/\/mariposacoffee.si\/wp-content\/uploads\/ele-custom-shapes\/Stopnja-prazenja-srednje-18x2.png 18w\" sizes=\"(max-width: 400px) 100vw, 400px\" \/>\t\t\t\t\t\t\t\t\t\t\t\t\t\t\t<\/div>\n\t\t\t\t<\/div>\n\t\t\t\t<\/div>\n\t\t<div class=\"elementor-element elementor-element-8199b7c e-con-full e-flex e-con e-child\" data-id=\"8199b7c\" data-element_type=\"container\">\n\t\t\t\t<div class=\"elementor-element elementor-element-cf00da7 elementor-widget elementor-widget-image\" data-id=\"cf00da7\" data-element_type=\"widget\" data-widget_type=\"image.default\">\n\t\t\t\t<div class=\"elementor-widget-container\">\n\t\t\t\t\t\t\t\t\t\t\t\t\t\t\t<img fetchpriority=\"high\" decoding=\"async\" width=\"400\" height=\"400\" src=\"https:\/\/mariposacoffee.si\/wp-content\/uploads\/ele-custom-shapes\/kolumbija-el-paraiso-profil.png\" class=\"attachment-full size-full wp-image-12591\" alt=\"\" srcset=\"https:\/\/mariposacoffee.si\/wp-content\/uploads\/ele-custom-shapes\/kolumbija-el-paraiso-profil.png 400w, https:\/\/mariposacoffee.si\/wp-content\/uploads\/ele-custom-shapes\/kolumbija-el-paraiso-profil-300x300.png 300w, https:\/\/mariposacoffee.si\/wp-content\/uploads\/ele-custom-shapes\/kolumbija-el-paraiso-profil-80x80.png 80w, https:\/\/mariposacoffee.si\/wp-content\/uploads\/ele-custom-shapes\/kolumbija-el-paraiso-profil-12x12.png 12w, https:\/\/mariposacoffee.si\/wp-content\/uploads\/ele-custom-shapes\/kolumbija-el-paraiso-profil-90x90.png 90w\" sizes=\"(max-width: 400px) 100vw, 400px\" \/>\t\t\t\t\t\t\t\t\t\t\t\t\t\t\t<\/div>\n\t\t\t\t<\/div>\n\t\t\t\t<\/div>\n\t\t\t\t\t<\/div>\n\t\t\t\t<\/div>\n\t\t<div class=\"elementor-element elementor-element-1b6587b4 e-con-full e-flex e-con e-parent\" data-id=\"1b6587b4\" data-element_type=\"container\">\n\t\t<div class=\"elementor-element elementor-element-46a8530c e-con-full e-flex e-con e-child\" data-id=\"46a8530c\" data-element_type=\"container\">\n\t\t\t\t<div class=\"elementor-element elementor-element-786748cb elementor-widget elementor-widget-image\" data-id=\"786748cb\" data-element_type=\"widget\" data-widget_type=\"image.default\">\n\t\t\t\t<div class=\"elementor-widget-container\">\n\t\t\t\t\t\t\t\t\t\t\t\t\t\t\t<img decoding=\"async\" width=\"607\" height=\"500\" src=\"https:\/\/mariposacoffee.si\/wp-content\/uploads\/2021\/04\/mariposa-kava-kolumbija.jpg\" class=\"attachment-full size-full wp-image-8781\" alt=\"\" srcset=\"https:\/\/mariposacoffee.si\/wp-content\/uploads\/2021\/04\/mariposa-kava-kolumbija.jpg 607w, https:\/\/mariposacoffee.si\/wp-content\/uploads\/2021\/04\/mariposa-kava-kolumbija-600x494.jpg 600w, https:\/\/mariposacoffee.si\/wp-content\/uploads\/2021\/04\/mariposa-kava-kolumbija-300x247.jpg 300w, https:\/\/mariposacoffee.si\/wp-content\/uploads\/2021\/04\/mariposa-kava-kolumbija-15x12.jpg 15w\" sizes=\"(max-width: 607px) 100vw, 607px\" \/>\t\t\t\t\t\t\t\t\t\t\t\t\t\t\t<\/div>\n\t\t\t\t<\/div>\n\t\t\t\t<\/div>\n\t\t<div class=\"elementor-element elementor-element-1a3b4064 e-con-full e-flex e-con e-child\" data-id=\"1a3b4064\" data-element_type=\"container\">\n\t\t\t\t<div class=\"elementor-element elementor-element-52cc9946 elementor-mobile_extra-align-center subtitle-position-above elementor-widget elementor-widget-heading\" data-id=\"52cc9946\" data-element_type=\"widget\" data-widget_type=\"heading.default\">\n\t\t\t\t<div class=\"elementor-widget-container\">\n\t\t\t\t\t<div class=\"elementor-heading-wrapper-inner\"><h3 class=\"elementor-heading-title elementor-size-large\">The origin of coffee<\/h3><\/div>\t\t\t\t<\/div>\n\t\t\t\t<\/div>\n\t\t<div class=\"elementor-element elementor-element-78f68edd e-flex e-con-boxed e-con e-child\" data-id=\"78f68edd\" data-element_type=\"container\">\n\t\t\t\t\t<div class=\"e-con-inner\">\n\t\t<div class=\"elementor-element elementor-element-34705fcf e-con-full e-flex e-con e-child\" data-id=\"34705fcf\" data-element_type=\"container\">\n\t\t\t\t<div class=\"elementor-element elementor-element-74f36b90 subtitle-position-above elementor-widget elementor-widget-heading\" data-id=\"74f36b90\" data-element_type=\"widget\" data-widget_type=\"heading.default\">\n\t\t\t\t<div class=\"elementor-widget-container\">\n\t\t\t\t\t<div class=\"elementor-heading-wrapper-inner\"><h2 class=\"elementor-heading-title elementor-size-xxl\">Region<\/h2><\/div>\t\t\t\t<\/div>\n\t\t\t\t<\/div>\n\t\t\t\t<\/div>\n\t\t<div class=\"elementor-element elementor-element-33624517 e-con-full e-flex e-con e-child\" data-id=\"33624517\" data-element_type=\"container\">\n\t\t\t\t<div class=\"elementor-element elementor-element-3a6ad91f elementor-widget elementor-widget-text-editor\" data-id=\"3a6ad91f\" data-element_type=\"widget\" data-widget_type=\"text-editor.default\">\n\t\t\t\t<div class=\"elementor-widget-container\">\n\t\t\t\t\t\t\t\t\t<p>Nari\u00f1o<\/p>\t\t\t\t\t\t\t\t<\/div>\n\t\t\t\t<\/div>\n\t\t\t\t<\/div>\n\t\t\t\t\t<\/div>\n\t\t\t\t<\/div>\n\t\t<div class=\"elementor-element elementor-element-6bca259b e-flex e-con-boxed e-con e-child\" data-id=\"6bca259b\" data-element_type=\"container\">\n\t\t\t\t\t<div class=\"e-con-inner\">\n\t\t<div class=\"elementor-element elementor-element-509c0402 e-con-full e-flex e-con e-child\" data-id=\"509c0402\" data-element_type=\"container\">\n\t\t\t\t<div class=\"elementor-element elementor-element-275c745b subtitle-position-above elementor-widget elementor-widget-heading\" data-id=\"275c745b\" data-element_type=\"widget\" data-widget_type=\"heading.default\">\n\t\t\t\t<div class=\"elementor-widget-container\">\n\t\t\t\t\t<div class=\"elementor-heading-wrapper-inner\"><h2 class=\"elementor-heading-title elementor-size-xxl\">Manufacturer<\/h2><\/div>\t\t\t\t<\/div>\n\t\t\t\t<\/div>\n\t\t\t\t<\/div>\n\t\t<div class=\"elementor-element elementor-element-26166b94 e-con-full e-flex e-con e-child\" data-id=\"26166b94\" data-element_type=\"container\">\n\t\t\t\t<div class=\"elementor-element elementor-element-603b13b7 elementor-widget elementor-widget-text-editor\" data-id=\"603b13b7\" data-element_type=\"widget\" data-widget_type=\"text-editor.default\">\n\t\t\t\t<div class=\"elementor-widget-container\">\n\t\t\t\t\t\t\t\t\t<div class=\"col-xs-12 margin-row\"><p>Jose Ignacio Gomez Lopez<\/p><\/div>\t\t\t\t\t\t\t\t<\/div>\n\t\t\t\t<\/div>\n\t\t\t\t<\/div>\n\t\t\t\t\t<\/div>\n\t\t\t\t<\/div>\n\t\t<div class=\"elementor-element elementor-element-736c113b e-flex e-con-boxed e-con e-child\" data-id=\"736c113b\" data-element_type=\"container\">\n\t\t\t\t\t<div class=\"e-con-inner\">\n\t\t<div class=\"elementor-element elementor-element-26d78827 e-con-full e-flex e-con e-child\" data-id=\"26d78827\" data-element_type=\"container\">\n\t\t\t\t<div class=\"elementor-element elementor-element-2297caae subtitle-position-above elementor-widget elementor-widget-heading\" data-id=\"2297caae\" data-element_type=\"widget\" data-widget_type=\"heading.default\">\n\t\t\t\t<div class=\"elementor-widget-container\">\n\t\t\t\t\t<div class=\"elementor-heading-wrapper-inner\"><h2 class=\"elementor-heading-title elementor-size-xxl\">Variety<\/h2><\/div>\t\t\t\t<\/div>\n\t\t\t\t<\/div>\n\t\t\t\t<\/div>\n\t\t<div class=\"elementor-element elementor-element-49b2ec6f e-con-full e-flex e-con e-child\" data-id=\"49b2ec6f\" data-element_type=\"container\">\n\t\t\t\t<div class=\"elementor-element elementor-element-4e4ba0e elementor-widget elementor-widget-text-editor\" data-id=\"4e4ba0e\" data-element_type=\"widget\" data-widget_type=\"text-editor.default\">\n\t\t\t\t<div class=\"elementor-widget-container\">\n\t\t\t\t\t\t\t\t\t<p>Caturra<\/p>\t\t\t\t\t\t\t\t<\/div>\n\t\t\t\t<\/div>\n\t\t\t\t<\/div>\n\t\t\t\t\t<\/div>\n\t\t\t\t<\/div>\n\t\t<div class=\"elementor-element elementor-element-21389d1 e-flex e-con-boxed e-con e-child\" data-id=\"21389d1\" data-element_type=\"container\">\n\t\t\t\t\t<div class=\"e-con-inner\">\n\t\t<div class=\"elementor-element elementor-element-314c7c2a e-con-full e-flex e-con e-child\" data-id=\"314c7c2a\" data-element_type=\"container\">\n\t\t\t\t<div class=\"elementor-element elementor-element-3da5bf86 subtitle-position-above elementor-widget elementor-widget-heading\" data-id=\"3da5bf86\" data-element_type=\"widget\" data-widget_type=\"heading.default\">\n\t\t\t\t<div class=\"elementor-widget-container\">\n\t\t\t\t\t<div class=\"elementor-heading-wrapper-inner\"><h2 class=\"elementor-heading-title elementor-size-xxl\">Height<\/h2><\/div>\t\t\t\t<\/div>\n\t\t\t\t<\/div>\n\t\t\t\t<\/div>\n\t\t<div class=\"elementor-element elementor-element-171edb13 e-con-full e-flex e-con e-child\" data-id=\"171edb13\" data-element_type=\"container\">\n\t\t\t\t<div class=\"elementor-element elementor-element-c71a50a elementor-widget elementor-widget-text-editor\" data-id=\"c71a50a\" data-element_type=\"widget\" data-widget_type=\"text-editor.default\">\n\t\t\t\t<div class=\"elementor-widget-container\">\n\t\t\t\t\t\t\t\t\t<p>1900 meters above sea level<\/p>\t\t\t\t\t\t\t\t<\/div>\n\t\t\t\t<\/div>\n\t\t\t\t<\/div>\n\t\t\t\t\t<\/div>\n\t\t\t\t<\/div>\n\t\t<div class=\"elementor-element elementor-element-17c5092d e-flex e-con-boxed e-con e-child\" data-id=\"17c5092d\" data-element_type=\"container\">\n\t\t\t\t\t<div class=\"e-con-inner\">\n\t\t<div class=\"elementor-element elementor-element-177d81b7 e-con-full e-flex e-con e-child\" data-id=\"177d81b7\" data-element_type=\"container\">\n\t\t\t\t<div class=\"elementor-element elementor-element-c7ac96f subtitle-position-above elementor-widget elementor-widget-heading\" data-id=\"c7ac96f\" data-element_type=\"widget\" data-widget_type=\"heading.default\">\n\t\t\t\t<div class=\"elementor-widget-container\">\n\t\t\t\t\t<div class=\"elementor-heading-wrapper-inner\"><h2 class=\"elementor-heading-title elementor-size-xxl\">Process method<\/h2><\/div>\t\t\t\t<\/div>\n\t\t\t\t<\/div>\n\t\t\t\t<\/div>\n\t\t<div class=\"elementor-element elementor-element-5930f6a8 e-con-full e-flex e-con e-child\" data-id=\"5930f6a8\" data-element_type=\"container\">\n\t\t\t\t<div class=\"elementor-element elementor-element-57a168ab elementor-widget elementor-widget-text-editor\" data-id=\"57a168ab\" data-element_type=\"widget\" data-widget_type=\"text-editor.default\">\n\t\t\t\t<div class=\"elementor-widget-container\">\n\t\t\t\t\t\t\t\t\t<p>washed<\/p>\t\t\t\t\t\t\t\t<\/div>\n\t\t\t\t<\/div>\n\t\t\t\t<\/div>\n\t\t\t\t\t<\/div>\n\t\t\t\t<\/div>\n\t\t\t\t<\/div>\n\t\t\t\t<\/div>\n\t\t<div class=\"elementor-element elementor-element-3955729d e-con-full e-flex e-con e-parent\" data-id=\"3955729d\" data-element_type=\"container\">\n\t\t<div class=\"elementor-element elementor-element-4b8ebf3a e-con-full e-flex e-con e-child\" data-id=\"4b8ebf3a\" data-element_type=\"container\">\n\t\t\t\t<div class=\"elementor-element elementor-element-2d775736 elementor-mobile_extra-align-center subtitle-position-above elementor-widget elementor-widget-heading\" data-id=\"2d775736\" data-element_type=\"widget\" data-widget_type=\"heading.default\">\n\t\t\t\t<div class=\"elementor-widget-container\">\n\t\t\t\t\t<div class=\"elementor-heading-wrapper-inner\"><h3 class=\"elementor-heading-title elementor-size-large\">Story<\/h3><\/div>\t\t\t\t<\/div>\n\t\t\t\t<\/div>\n\t\t\t\t<div class=\"elementor-element elementor-element-2e8c9bf7 elementor-widget elementor-widget-text-editor\" data-id=\"2e8c9bf7\" data-element_type=\"widget\" data-widget_type=\"text-editor.default\">\n\t\t\t\t<div class=\"elementor-widget-container\">\n\t\t\t\t\t\t\t\t\t<p class=\"mb-2 whitespace-pre-line last:mb-0\">Jose grew up in a coffee-growing family and has developed a keen taste and sense for quality coffee over time. He grows coffee on his six and a half hectares of land, as well as oranges, lemons and avocados. During the harvest, Jose, his family and a team of experienced pickers hand-pick the ripe red coffee cherries, which are then processed in the farm\u2019s own micro wet mill.<\/p><p class=\"mb-2 whitespace-pre-line last:mb-0\">Jose Ignacio Gomez has his farm in Vereda el Naranjal, near the town of Buescao in the department of Nari\u00f1o. The Para\u00edso variety Caturra grows at an altitude of 1,900 meters above sea level and enjoys an average rainfall of 1,800 mm per year.<\/p><p class=\"mb-2 whitespace-pre-line last:mb-0\">The story of Jose and his farm reflects a commitment to quality, sustainability and a love for coffee, which he produces with great care and respect for nature.<\/p>\t\t\t\t\t\t\t\t<\/div>\n\t\t\t\t<\/div>\n\t\t\t\t<\/div>\n\t\t<div class=\"elementor-element elementor-element-17040cd7 e-con-full e-flex e-con e-child\" data-id=\"17040cd7\" data-element_type=\"container\">\n\t\t\t\t<div class=\"elementor-element elementor-element-6ee8b5c8 elementor-widget elementor-widget-image\" data-id=\"6ee8b5c8\" data-element_type=\"widget\" data-widget_type=\"image.default\">\n\t\t\t\t<div class=\"elementor-widget-container\">\n\t\t\t\t\t\t\t\t\t\t\t\t\t\t\t<img loading=\"lazy\" decoding=\"async\" width=\"913\" height=\"638\" src=\"https:\/\/mariposacoffee.si\/wp-content\/uploads\/ele-custom-shapes\/El-paraiso-1.png\" class=\"attachment-full size-full wp-image-11996\" alt=\"\" srcset=\"https:\/\/mariposacoffee.si\/wp-content\/uploads\/ele-custom-shapes\/El-paraiso-1.png 913w, https:\/\/mariposacoffee.si\/wp-content\/uploads\/ele-custom-shapes\/El-paraiso-1-300x210.png 300w, https:\/\/mariposacoffee.si\/wp-content\/uploads\/ele-custom-shapes\/El-paraiso-1-768x537.png 768w, https:\/\/mariposacoffee.si\/wp-content\/uploads\/ele-custom-shapes\/El-paraiso-1-18x12.png 18w, https:\/\/mariposacoffee.si\/wp-content\/uploads\/ele-custom-shapes\/El-paraiso-1-600x419.png 600w\" sizes=\"(max-width: 913px) 100vw, 913px\" \/>\t\t\t\t\t\t\t\t\t\t\t\t\t\t\t<\/div>\n\t\t\t\t<\/div>\n\t\t\t\t<\/div>\n\t\t\t\t<\/div>\n\t\t<div class=\"elementor-element elementor-element-38762016 e-flex e-con-boxed e-con e-parent\" data-id=\"38762016\" data-element_type=\"container\">\n\t\t\t\t\t<div class=\"e-con-inner\">\n\t\t\t\t<div class=\"elementor-element elementor-element-32cf368 elementor-widget elementor-widget-text-editor\" data-id=\"32cf368\" data-element_type=\"widget\" data-widget_type=\"text-editor.default\">\n\t\t\t\t<div class=\"elementor-widget-container\">\n\t\t\t\t\t\t\t\t\t<p class=\"mb-2 whitespace-pre-line last:mb-0\">A few years ago, Jose Ignacio built a custom solar dryer on his farm near the wet mill. The dryer includes three levels of raised drying beds under a plastic roof that allows light to pass through, while agricultural winds control the temperature by passing through the open ends of the dryer. Jose has carefully oriented the dryer to make the most of the crosswinds to control the temperature. When the coffee is freshly picked \u2013 in the case of naturally processed coffee \u2013 or dried, in the case of honeyed and washed coffee, it is first placed on the lowest bed. As it dries, the coffee gradually moves to the upper level, where it remains until it reaches the desired humidity. It is then ready to be transferred to a storage facility called a <em>of course<\/em>, where it rests in phase <em>repose<\/em>During this period, all the flavors that will be detectable in the cup stabilize.<\/p><p class=\"mb-2 whitespace-pre-line last:mb-0\">Carlos Alberto, Jose&#039;s childhood friend, is the manager of Finca El Paraiso. Carlos is in charge of monitoring the drying process and moving the coffee beans between levels as the drying progresses.<\/p><p class=\"mb-2 whitespace-pre-line last:mb-0\">Always willing to experiment and improve his production, Jose was happy to try planting Geisha trees on his property, as some of his colleagues have done. The Geisha trees are planted among other varieties and are part of the wider ecosystem of the Paraiso farm. This planting is part of Jose\u2019s ongoing experiments to evaluate the performance of different coffee varieties, both from an agronomic perspective (yield, resistance to pests and diseases) and from an appeal to end roasters, whether by variety or processing method.<\/p>\t\t\t\t\t\t\t\t<\/div>\n\t\t\t\t<\/div>\n\t\t\t\t\t<\/div>\n\t\t\t\t<\/div>\n\t\t\t\t<\/div>","protected":false},"excerpt":{"rendered":"<p>Profil okusa rjavi sladkor, temna \u010dokolada, tangerina Pra\u017eenje Poreklo kave Regija Nari\u00f1o Proivajalec Jos\u00e9 Ignacio G\u00f3mez L\u00f3pez Sorta Caturra Vi\u0161ina rasti 1900 m.n.v. Procesna metoda washed Zgodba Jose je odra\u0161\u010dal v dru\u017eini, ki se ukvarja s pridelavo kave, in si s \u010dasom razvil izjemen okus ter ob\u010dutek za kakovostno kavo. Na svojem posestvu, ki obsega [&hellip;]<\/p>\n","protected":false},"author":1,"featured_media":0,"parent":0,"menu_order":0,"comment_status":"closed","ping_status":"closed","template":"","meta":{"footnotes":""},"class_list":["post-11995","page","type-page","status-publish","hentry"],"jetpack_sharing_enabled":true,"_links":{"self":[{"href":"http:\/\/mariposacoffee.si\/en\/wp-json\/wp\/v2\/pages\/11995","targetHints":{"allow":["GET"]}}],"collection":[{"href":"http:\/\/mariposacoffee.si\/en\/wp-json\/wp\/v2\/pages"}],"about":[{"href":"http:\/\/mariposacoffee.si\/en\/wp-json\/wp\/v2\/types\/page"}],"author":[{"embeddable":true,"href":"http:\/\/mariposacoffee.si\/en\/wp-json\/wp\/v2\/users\/1"}],"replies":[{"embeddable":true,"href":"http:\/\/mariposacoffee.si\/en\/wp-json\/wp\/v2\/comments?post=11995"}],"version-history":[{"count":9,"href":"http:\/\/mariposacoffee.si\/en\/wp-json\/wp\/v2\/pages\/11995\/revisions"}],"predecessor-version":[{"id":12597,"href":"http:\/\/mariposacoffee.si\/en\/wp-json\/wp\/v2\/pages\/11995\/revisions\/12597"}],"wp:attachment":[{"href":"http:\/\/mariposacoffee.si\/en\/wp-json\/wp\/v2\/media?parent=11995"}],"curies":[{"name":"wp","href":"https:\/\/api.w.org\/{rel}","templated":true}]}}