{"id":4144,"date":"2018-08-31T13:18:18","date_gmt":"2018-08-31T12:18:18","guid":{"rendered":"https:\/\/mariposacoffeeroasters.si\/?page_id=4144"},"modified":"2024-03-31T10:08:46","modified_gmt":"2024-03-31T10:08:46","slug":"error-404","status":"publish","type":"page","link":"http:\/\/mariposacoffee.si\/en\/error-404\/","title":{"rendered":"error 404"},"content":{"rendered":"<p>[av_one_half first min_height=&#8221; vertical_alignment=&#8221; space=&#8221; custom_margin=&#8221; margin=&#8217;0px&#8217; link=&#8221; linktarget=&#8221; link_hover=&#8221; padding=&#8217;0px&#8217; border=&#8221; border_color=&#8221; radius=&#8217;0px&#8217; background=&#8217;bg_color&#8217; background_color=&#8221; background_gradient_color1=&#8221; background_gradient_color2=&#8221; background_gradient_direction=&#8217;vertical&#8217; src=&#8221; background_position=&#8217;top left&#8217; background_repeat=&#8217;no-repeat&#8217; animation=&#8221; mobile_breaking=&#8221; mobile_display=&#8221; av_uid=&#8217;av-5fzzjk&#8217;]<br \/>\n[av_textblock size=&#8217;30&#8217; av-medium-font-size=&#8221; av-small-font-size=&#8221; av-mini-font-size=&#8221; font_color=&#8221; color=&#8221; id=&#8221; custom_class=&#8221; template_class=&#8221; av_uid=&#8217;av-jlhyqaoa&#8217; sc_version=&#8217;1.0&#8242; admin_preview_bg=&#8221;]<\/p>\n<h1>Se iskreno opravi\u010dujemo!<\/h1>\n<p>Pri pra\u017eenju je \u0161lo nekaj narobe zelo in smo stran za\u017egali.<br \/>\n[\/av_textblock]<br \/>\n[\/av_one_half]<\/p>\n<p>[av_one_half min_height=&#8221; vertical_alignment=&#8221; space=&#8221; custom_margin=&#8221; margin=&#8217;0px&#8217; link=&#8221; linktarget=&#8221; link_hover=&#8221; padding=&#8217;0px&#8217; border=&#8221; border_color=&#8221; radius=&#8217;0px&#8217; background=&#8217;bg_color&#8217; background_color=&#8221; background_gradient_color1=&#8221; background_gradient_color2=&#8221; background_gradient_direction=&#8217;vertical&#8217; src=&#8221; background_position=&#8217;top left&#8217; background_repeat=&#8217;no-repeat&#8217; animation=&#8221; mobile_breaking=&#8221; mobile_display=&#8221; av_uid=&#8217;av-3i14j4&#8242;]<\/p>\n<p>[av_image src=&#8217;https:\/\/mariposacoffeeroasters.si\/wp-content\/uploads\/2019\/10\/404-Page-300&#215;272.jpg&#8217; attachment=&#8217;8406&#8242; attachment_size=&#8217;medium&#8217; copyright=&#8221; caption=&#8221; styling=&#8221; align=&#8217;center&#8217; font_size=&#8221; overlay_opacity=&#8217;0.4&#8242; overlay_color=&#8217;#000000&#8242; overlay_text_color=&#8217;#ffffff&#8217; animation=&#8217;av-rotateIn&#8217; hover=&#8221; appearance=&#8221; link=&#8221; target=&#8221; title_attr=&#8221; alt_attr=&#8221; lazy_loading=&#8217;disabled&#8217; id=&#8221; custom_class=&#8221; template_class=&#8221; av_element_hidden_in_editor=&#8217;0&#8242; av_uid=&#8217;av-jlhyrvty&#8217; sc_version=&#8217;1.0&#8242; admin_preview_bg=&#8221;][\/av_image]<\/p>\n<p>[\/av_one_half][av_textblock size=&#8217;30&#8217; av-medium-font-size=&#8221; av-small-font-size=&#8221; av-mini-font-size=&#8221; font_color=&#8221; color=&#8221; id=&#8221; custom_class=&#8221; template_class=&#8221; av_uid=&#8217;av-jlhyqm6i&#8217; sc_version=&#8217;1.0&#8242; admin_preview_bg=&#8221;]<\/p>\n<h2>Za vas imamo idejo:<\/h2>\n<p>Ker kave nismo za\u017egali saj smo mojsti za pra\u017eenje kave vam predlagamo, da si izberete sve\u017ee pra\u017eeno kavo <a href=\"https:\/\/mariposacoffeeroasters.si\/kategorija-izdelka\/specialty-kava\/\" target=\"_blank\" rel=\"noopener\">tukaj<\/a>:<br \/>\n[\/av_textblock]<\/p>\n","protected":false},"excerpt":{"rendered":"","protected":false},"author":1,"featured_media":0,"parent":0,"menu_order":20,"comment_status":"closed","ping_status":"closed","template":"","meta":{"footnotes":""},"class_list":["post-4144","page","type-page","status-publish","hentry"],"jetpack_sharing_enabled":true,"_links":{"self":[{"href":"http:\/\/mariposacoffee.si\/en\/wp-json\/wp\/v2\/pages\/4144","targetHints":{"allow":["GET"]}}],"collection":[{"href":"http:\/\/mariposacoffee.si\/en\/wp-json\/wp\/v2\/pages"}],"about":[{"href":"http:\/\/mariposacoffee.si\/en\/wp-json\/wp\/v2\/types\/page"}],"author":[{"embeddable":true,"href":"http:\/\/mariposacoffee.si\/en\/wp-json\/wp\/v2\/users\/1"}],"replies":[{"embeddable":true,"href":"http:\/\/mariposacoffee.si\/en\/wp-json\/wp\/v2\/comments?post=4144"}],"version-history":[{"count":1,"href":"http:\/\/mariposacoffee.si\/en\/wp-json\/wp\/v2\/pages\/4144\/revisions"}],"predecessor-version":[{"id":10268,"href":"http:\/\/mariposacoffee.si\/en\/wp-json\/wp\/v2\/pages\/4144\/revisions\/10268"}],"wp:attachment":[{"href":"http:\/\/mariposacoffee.si\/en\/wp-json\/wp\/v2\/media?parent=4144"}],"curies":[{"name":"wp","href":"https:\/\/api.w.org\/{rel}","templated":true}]}}