{"id":10509,"date":"2024-01-28T21:56:56","date_gmt":"2024-01-28T21:56:56","guid":{"rendered":"http:\/\/mariposacoffee.si\/?page_id=10509"},"modified":"2025-03-04T20:46:57","modified_gmt":"2025-03-04T18:46:57","slug":"moj-racun","status":"publish","type":"page","link":"https:\/\/mariposacoffee.si\/en\/moj-racun\/","title":{"rendered":"My account"},"content":{"rendered":"<div data-elementor-type=\"wp-page\" data-elementor-id=\"10509\" class=\"elementor elementor-10509\" data-elementor-post-type=\"page\">\n\t\t\t\t<div class=\"elementor-element elementor-element-7a0099e5 e-flex e-con-boxed e-con e-parent\" data-id=\"7a0099e5\" data-element_type=\"container\">\n\t\t\t\t\t<div class=\"e-con-inner\">\n\t\t\t\t<div class=\"elementor-element elementor-element-620c96d subtitle-position-below elementor-align-center elementor-widget elementor-widget-heading\" data-id=\"620c96d\" data-element_type=\"widget\" data-widget_type=\"heading.default\">\n\t\t\t\t<div class=\"elementor-widget-container\">\n\t\t\t\t\t<div class=\"elementor-heading-wrapper-inner\"><h1 class=\"elementor-heading-title elementor-size-xxl\">Wholesale<\/h1><div class=\"elementor-sub-title\">Register and get special benefits for our B2B customers!\n\n<\/div><\/div>\t\t\t\t<\/div>\n\t\t\t\t<\/div>\n\t\t\t\t<div class=\"elementor-element elementor-element-74572d88 elementor-widget elementor-widget-text-editor\" data-id=\"74572d88\" data-element_type=\"widget\" data-widget_type=\"text-editor.default\">\n\t\t\t\t<div class=\"elementor-widget-container\">\n\t\t\t\t\t\t\t\t\t\n<p><strong><div class=\"woocommerce\"><\/div><\/strong><\/p>\n\t\t\t\t\t\t\t\t<\/div>\n\t\t\t\t<\/div>\n\t\t\t\t\t<\/div>\n\t\t\t\t<\/div>\n\t\t\t\t<\/div>","protected":false},"excerpt":{"rendered":"<p>Veleprodaja Registrirajte se in si zagotovite posebne ugodnosti za na\u0161e B2B stranke! Portal B2B Posebna ponudba za partnerje Priporo\u010dite nam novega poslovnega partnerja in prejmite dodatni 5% popust na naslednje naro\u010dilo. Quick view Brazilija Coletivo Capara\u00f3, natural &euro;10,50 z ddv Quick view Kavna me\u0161anica EREBIA 1kg &euro;29,00 z ddv Quick view Kavna me\u0161anica PAPILIO 1kg [&hellip;]<\/p>\n","protected":false},"author":1,"featured_media":0,"parent":0,"menu_order":0,"comment_status":"closed","ping_status":"closed","template":"","meta":{"footnotes":""},"class_list":["post-10509","page","type-page","status-publish","hentry"],"jetpack_sharing_enabled":true,"_links":{"self":[{"href":"https:\/\/mariposacoffee.si\/en\/wp-json\/wp\/v2\/pages\/10509","targetHints":{"allow":["GET"]}}],"collection":[{"href":"https:\/\/mariposacoffee.si\/en\/wp-json\/wp\/v2\/pages"}],"about":[{"href":"https:\/\/mariposacoffee.si\/en\/wp-json\/wp\/v2\/types\/page"}],"author":[{"embeddable":true,"href":"https:\/\/mariposacoffee.si\/en\/wp-json\/wp\/v2\/users\/1"}],"replies":[{"embeddable":true,"href":"https:\/\/mariposacoffee.si\/en\/wp-json\/wp\/v2\/comments?post=10509"}],"version-history":[{"count":32,"href":"https:\/\/mariposacoffee.si\/en\/wp-json\/wp\/v2\/pages\/10509\/revisions"}],"predecessor-version":[{"id":12625,"href":"https:\/\/mariposacoffee.si\/en\/wp-json\/wp\/v2\/pages\/10509\/revisions\/12625"}],"wp:attachment":[{"href":"https:\/\/mariposacoffee.si\/en\/wp-json\/wp\/v2\/media?parent=10509"}],"curies":[{"name":"wp","href":"https:\/\/api.w.org\/{rel}","templated":true}]}}