{"id":7353,"date":"2021-05-02T16:24:52","date_gmt":"2021-05-02T15:24:52","guid":{"rendered":"https:\/\/mariposacoffeeroasters.si\/?page_id=7353"},"modified":"2024-03-31T19:58:37","modified_gmt":"2024-03-31T19:58:37","slug":"piskotki-in-oglasevanje","status":"publish","type":"page","link":"https:\/\/mariposacoffee.si\/en\/piskotki-in-oglasevanje\/","title":{"rendered":"Cookies"},"content":{"rendered":"\n<h1 class=\"wp-block-heading\"><strong><strong>Pi\u0161kotki in ogla\u0161evanje<\/strong><\/strong><\/h1>\n\n\n\n<p>Pi\u0161kotki so majhne tekstovne datoteke, ki se shranijo na va\u0161 ra\u010dunalnik ob obisku na\u0161ega spletnega mesta in ne \u0161kodijo va\u0161i strojni ali programski opremi. Njihovo shranjevanje je pod popolnim nadzorom brskalnika, ki ga ima uporabnik \u2013 ta lahko shranjevanje pi\u0161kotkov po \u017eelji omeji ali onemogo\u010di.<\/p>\n\n\n\n<p>Pi\u0161kotki niso \u0161kodljivi in so vedno \u010dasovno omejeni.<\/p>\n\n\n\n<p>Uporabo pi\u0161kotkov v Evropski uniji (EU) dolo\u010da&nbsp;<a href=\"https:\/\/eur-lex.europa.eu\/LexUriServ\/LexUriServ.do?uri=CELEX:32002L0058:sl:HTML\" target=\"_blank\" rel=\"noopener\">Direktiva o zasebnosti in elektronskih komunikacijah 2002\/58\/ES<\/a>, katere \u010dlen, ki se nana\u0161a na pi\u0161kotke in podobne tehnologije, je bil spremenjen z Direktivo 136\/2009.<\/p>\n\n\n\n<p>V slovenski zakonodaji uporabo pi\u0161kotkov dolo\u010da&nbsp;<a href=\"https:\/\/eur-lex.europa.eu\/LexUriServ\/LexUriServ.do?uri=CELEX:32002L0058:sl:HTML\" target=\"_blank\" rel=\"noopener\">Zakon o elektronskih komunikacijah oziroma ZEKom-1 (Uradni list \u0161t. 109\/2012)<\/a>, katerega 157. \u010dlen predstavlja pravno osnovo za skrb za zasebnost uporabnikov spleta.<\/p>\n\n\n\n<p>Na spletni strani <a href=\"https:\/\/mariposacoffeeroasters.si\" target=\"_blank\" rel=\"noopener\">www.mariposacoffeeroasters.si<\/a>&nbsp;uporabljamopi\u0161kotke z namenom, da zagotovimo bolj\u0161o izku\u0161njo uporabe spletne strani, varnost ter nemoteno delovanje. Z uporabo spletne strani sogla\u0161ate z njihovo uporabo.<\/p>\n\n\n\n<h2 class=\"wp-block-heading\">1. <strong>Zakaj so pi\u0161kotki potrebni?<\/strong><\/h2>\n\n\n\n<p>So temeljnega pomena za zagotavljanje uporabniku prijaznih spletnih storitev. Interakcija med spletnim uporabnikom in spletnim mestom je s pomo\u010djo pi\u0161kotkov hitrej\u0161a in enostavnej\u0161a. Z njihovo pomo\u010djo si spletno mesto zapomni posameznikove preference in izku\u0161nje, s tem je prihranjen \u010das, brskanje po spletnih mestih pa bolj u\u010dinkovito in prijazno.<\/p>\n\n\n\n<p>Ob za\u010detku vsakokratne uporabe spletne strani se vam dodeli pi\u0161kotek za identifikacijo, spremljanje nakupovalne ko\u0161arice in zagotavljanje sledljivosti, ki se v pomnilniku stre\u017enika shranjuje le za \u010das trajanja obiska spletne strani in se izbri\u0161e po eni uri neaktivnosti. Na va\u0161 osebni ra\u010dunalnik se lahko shrani tudi nekatere trajne pi\u0161kotke, kot npr. identifikacijska \u0161tevilka uporabnika v \u0161ifrirani obliki za prepoznavanje ob naslednjem obisku spletne trgovine ali ocene artiklov, s pomo\u010djo katerega uporabnik ve, katere artikle je \u017ee ocenil, posredno pa tudi pi\u0161kotke zunanje storitve Google Analytics, ki slu\u017eijo analizi obiskov spletnega mesta. Te podatke lahko v anonimizirani sumarni obliki uporabimo za namene statisti\u010dnih analiz. Za potrebe zagotavljanja spletne varnosti zbiramo tudi IP naslove, iz katerih dostopate do spletne strani.<\/p>\n\n\n\n<h2 class=\"wp-block-heading\">2. Pi\u0161kotki, uporabljeni na tem spletnem mestu<\/h2>\n\n\n\n<p><strong>Obvezni pi\u0161kotki<\/strong>: so klju\u010dni in brez njih posamezna spletna stran ne bo delovala kot bi morala. Nastavijo se, ko posameznik odda obrazec, se prijavi ali opravi kakr\u0161nokoli interakcijo s spletno stranjo preko klikanja na enostavne povezave.<\/p>\n\n\n\n<p><strong>Analiti\u010dni pi\u0161kotki<\/strong>: Ti pi\u0161kotki zbirajo podatke, ki se uporabljajo bodisi v zbirni obliki, da nam pomagajo razumeti, kako uporabljate na\u0161e spletno mesto ali kako u\u010dinkovite so na\u0161e marketin\u0161ke kampanje, ali pa da nam pomagajo pri prilagajanju na\u0161ega spletnega mesta in aplikacije za izbolj\u0161anje va\u0161e izku\u0161nje.<\/p>\n\n\n<p>[av_privacy_google_tracking]<\/p>\n\n\n\n<p><strong>Ogla\u0161evalski pi\u0161kotki<\/strong>: vti\u010dniki in orodja tretjih oseb, uporabljeni kot pi\u0161kotki, omogo\u010dajo delovanje funkcionalnosti, pomagajo analizirati pogostost obiskovanja in na\u010din uporabe spletnih strani. \u010ce se z uporabo teh posameznik ne strinja, se pi\u0161kotki ne bodo namestili, lahko pa se zgodi, da zato nekatere zanimive funkcije posameznega spletnega mesta ne bodo na voljo.<\/p>\n\n\n\n<p><strong>Pi\u0161kotki dru\u017ebenih omre\u017eij:&nbsp;<\/strong>Pi\u0161kotki za dru\u017ebena omre\u017eja omogo\u010dajo deljenje vsebine spletne strani na nekaterih dru\u017ebenih omre\u017ejih. Vti\u010dniki in orodja tretjih oseb uporabljeni kot pi\u0161kotki, omogo\u010dajo delovanje funkcionalnosti, pomagajo analizirati pogostost obiskovanja in na\u010din uporabe spletnih strani.<\/p>\n\n\n\n<p>Google Webfont Settings:<\/p>\n\n\n<p>[av_privacy_google_webfonts]<\/p>\n\n\n\n<p>Google Map Settings:<\/p>\n\n\n<p>[av_privacy_google_maps]<\/p>\n\n\n\n<p>Vimeo and Youtube video embeds:<\/p>\n\n\n<p>[av_privacy_video_embeds]<\/p>\n\n\n\n<p><\/p>\n\n\n\n<figure class=\"wp-block-table is-style-stripes\"><table><tbody><tr><td><strong>IME PI\u0160KOTKA<\/strong><\/td><td><strong>NAMEN<\/strong><\/td><td><strong>\u010cAS PI\u0160KOTKA<\/strong><\/td><td><strong>TIP<\/strong><\/td><td><strong>UPRAVLJALEC<\/strong><\/td><\/tr><tr><td>PHPSESSID<\/td><td>obvezni pi\u0161kotki<\/td><td>1 seja<\/td><td>http<\/td><td>mariposacoffeeroasters.si<\/td><\/tr><tr><td>__stripe_mid<\/td><td>ogla\u0161evalski pi\u0161kotki<\/td><td>30 minut<\/td><td>http<\/td><td>stripe.com<\/td><\/tr><tr><td>__stripe_sid<\/td><td>ogla\u0161evalski pi\u0161kotki<\/td><td>30 minut<\/td><td>http<\/td><td>stripe.com<\/td><\/tr><tr><td>_fbp<\/td><td>Pi\u0161kotki dru\u017ebenih omre\u017eij<\/td><td>3 mesece<\/td><td>http<\/td><td>facebook.com<\/td><\/tr><tr><td>_ga<\/td><td>analiti\u010dni pi\u0161kotki<\/td><td>2 leti<\/td><td>http<\/td><td>mariposacoffeeroasters.si<\/td><\/tr><tr><td>_gali<\/td><td>analiti\u010dni pi\u0161kotki<\/td><td>1 minuta<\/td><td>http<\/td><td>mariposacoffeeroasters.si<\/td><\/tr><tr><td>_gat<\/td><td>analiti\u010dni pi\u0161kotki<\/td><td>1 minuta<\/td><td>http<\/td><td>mariposacoffeeroasters.si<\/td><\/tr><tr><td>_gat_gtag_UA_46360545_4<\/td><td>ogla\u0161evalski pi\u0161kotki<\/td><td>1 minuta<\/td><td>http<\/td><td>google.com<\/td><\/tr><tr><td>_gid<\/td><td>analiti\u010dni pi\u0161kotki<\/td><td>1 dan<\/td><td>http<\/td><td>mariposacoffeeroasters.si<\/td><\/tr><tr><td>aviaCookieConsent<\/td><td>analiti\u010dni pi\u0161kotki<\/td><td>1 leto<\/td><td>http<\/td><td>mariposacoffeeroasters.si<\/td><\/tr><tr><td>aviaPrivacyEssentialCookiesEnabled<\/td><td>analiti\u010dni pi\u0161kotki<\/td><td>1 leto<\/td><td>http<\/td><td>mariposacoffeeroasters.si<\/td><\/tr><tr><td>aviaPrivacyMustOptInSetting<\/td><td>analiti\u010dni pi\u0161kotki<\/td><td>1 leto<\/td><td>http<\/td><td>mariposacoffeeroasters.si<\/td><\/tr><tr><td>aviaPrivacyRefuseCookiesHideBar<\/td><td>analiti\u010dni pi\u0161kotki<\/td><td>1 leto<\/td><td>http<\/td><td>mariposacoffeeroasters.si<\/td><\/tr><tr><td>mailchimp_landing_site<\/td><td>analiti\u010dni pi\u0161kotki<\/td><td>27 dni<\/td><td>http<\/td><td>mariposacoffeeroasters.si<\/td><\/tr><tr><td>woocommerce_cart_hash<\/td><td>analiti\u010dni pi\u0161kotki<\/td><td>1 seja<\/td><td>html<\/td><td>mariposacoffeeroasters.si<\/td><\/tr><tr><td>woocommerce_items_in_cart<\/td><td>analiti\u010dni pi\u0161kotki<\/td><td>1 seja<\/td><td>html<\/td><td>mariposacoffeeroasters.si<\/td><\/tr><tr><td>woocommerce_recently_viewed<\/td><td>analiti\u010dni pi\u0161kotki<\/td><td>1 seja<\/td><td>html<\/td><td>mariposacoffeeroasters.si<\/td><\/tr><tr><td>wp_woocommerce_session_b5d12e3273901db7e72fb84e995dd7be<\/td><td>analiti\u010dni pi\u0161kotki<\/td><td>2 dni<\/td><td>html<\/td><td>mariposacoffeeroasters.si<\/td><\/tr><tr><td>tk_ai<\/td><td>analiti\u010dni pi\u0161kotki<\/td><td>1 seja<\/td><td>html<\/td><td>mariposacoffeeroasters.si<\/td><\/tr><tr><td>wordpress_logged_in_b5d12e3273901db7e72fb84e995dd7be<\/td><td>analiti\u010dni pi\u0161kotki<\/td><td>1 seja<\/td><td>http<\/td><td>mariposacoffeeroasters.si<\/td><\/tr><tr><td>wordpress_sec_b5d12e3273901db7e72fb84e995dd7be<\/td><td>analiti\u010dni pi\u0161kotki<\/td><td>1 seja<\/td><td>http<\/td><td>mariposacoffeeroasters.si<\/td><\/tr><tr><td>wordpress_sec_b5d12e3273901db7e72fb84e995dd7be<\/td><td>analiti\u010dni pi\u0161kotki<\/td><td>1 seja<\/td><td>http<\/td><td>mariposacoffeeroasters.si<\/td><\/tr><tr><td>CONSENT<\/td><td>Pi\u0161kotki dru\u017ebenih omre\u017eij<\/td><td><br \/>16 let 7 mesecev<\/td><td><\/td><td>youtu.be<\/td><\/tr><tr><td>CONSENT<\/td><td>Pi\u0161kotki dru\u017ebenih omre\u017eij<\/td><td>16 let 7 mesecev<\/td><td><\/td><td>youtube.com<\/td><\/tr><tr><td>YSC<\/td><td>ogla\u0161evalski pi\u0161kotki<\/td><td>1 seja<\/td><td><\/td><td>youtube.com<\/td><\/tr><\/tbody><\/table><\/figure>\n\n\n\n<h2 class=\"wp-block-heading\">3. <strong>Onemogo\u010danje pi\u0161kotkov<\/strong><\/h2>\n\n\n\n<p>Nastavitve za pi\u0161kotke lahko nadzira\u0161&nbsp;in spreminja\u0161&nbsp;tudi v svojem spletnem brskalniku. Za informacije o nastavitvah za pi\u0161kotke izberi&nbsp;spletni brskalnik, ki ga uporablja\u0161. V primeru, da \u017eeli\u0161&nbsp;izbrisati pi\u0161kotke iz svoje naprave, svetujemo, da se dr\u017ei\u0161&nbsp;opisanih postopkov:<\/p>\n\n\n\n<ul class=\"wp-block-list\"><li><a href=\"https:\/\/support.google.com\/chrome\/answer\/95647?hl=sl-sl&amp;p=cpn_cookies\" target=\"_blank\" rel=\"noopener\">Chrome<\/a><\/li><li><a href=\"https:\/\/support.mozilla.org\/sl\/kb\/kako-omogocite-onemogocite-piskotke\" target=\"_blank\" rel=\"noopener\">Firefox<\/a><\/li><li><a href=\"https:\/\/www.opera.com\/help\/tutorials\/security\/cookies\/\" target=\"_blank\" rel=\"noopener\">Opera<\/a><\/li><li><a href=\"https:\/\/support.microsoft.com\/sl-si\/help\/17442\/windows-internet-explorer-delete-manage-cookies\" target=\"_blank\" rel=\"noopener\">Internet Explorer<\/a><\/li><li><a href=\"https:\/\/support.apple.com\/kb\/ph21411?locale=en_GB\" target=\"_blank\" rel=\"noopener\">Safari<\/a><\/li><\/ul>\n\n\n\n<p>\u010ce je bilo&nbsp;soglasje za pi\u0161kotke predhodno \u017ee oddano&nbsp;in je bilo pozneje izklju\u010deno&nbsp;prejemanje pi\u0161kotkov v brskalniku, bo tvoj naslednji obisk na spletni strani razumljen kot prvi obisk. V tem primeru se bo&nbsp;znova pojavilo obvestilo o pi\u0161kotkih.<\/p>\n\n\n\n<h2 class=\"wp-block-heading\"><strong>4. Dodatna vpra\u0161anja<\/strong><\/h2>\n\n\n\n<p>Vsa nadaljnja vpra\u0161anja o pi\u0161kotkih nam lahko sporo\u010dite&nbsp;na email <a href=\"mailto:info@mariposacoffeeroasters.si\">info@mariposacoffeeroasters.si<\/a>.<\/p>\n","protected":false},"excerpt":{"rendered":"<p>Pi\u0161kotki in ogla\u0161evanje Pi\u0161kotki so majhne tekstovne datoteke, ki se shranijo na va\u0161 ra\u010dunalnik ob obisku na\u0161ega spletnega mesta in ne \u0161kodijo va\u0161i strojni ali programski opremi. Njihovo shranjevanje je pod popolnim nadzorom brskalnika, ki ga ima uporabnik \u2013 ta lahko shranjevanje pi\u0161kotkov po \u017eelji omeji ali onemogo\u010di. Pi\u0161kotki niso \u0161kodljivi in so vedno \u010dasovno [&hellip;]<\/p>\n","protected":false},"author":1,"featured_media":0,"parent":0,"menu_order":0,"comment_status":"closed","ping_status":"closed","template":"","meta":{"footnotes":""},"class_list":["post-7353","page","type-page","status-publish","hentry"],"jetpack_sharing_enabled":true,"_links":{"self":[{"href":"https:\/\/mariposacoffee.si\/en\/wp-json\/wp\/v2\/pages\/7353","targetHints":{"allow":["GET"]}}],"collection":[{"href":"https:\/\/mariposacoffee.si\/en\/wp-json\/wp\/v2\/pages"}],"about":[{"href":"https:\/\/mariposacoffee.si\/en\/wp-json\/wp\/v2\/types\/page"}],"author":[{"embeddable":true,"href":"https:\/\/mariposacoffee.si\/en\/wp-json\/wp\/v2\/users\/1"}],"replies":[{"embeddable":true,"href":"https:\/\/mariposacoffee.si\/en\/wp-json\/wp\/v2\/comments?post=7353"}],"version-history":[{"count":1,"href":"https:\/\/mariposacoffee.si\/en\/wp-json\/wp\/v2\/pages\/7353\/revisions"}],"predecessor-version":[{"id":10782,"href":"https:\/\/mariposacoffee.si\/en\/wp-json\/wp\/v2\/pages\/7353\/revisions\/10782"}],"wp:attachment":[{"href":"https:\/\/mariposacoffee.si\/en\/wp-json\/wp\/v2\/media?parent=7353"}],"curies":[{"name":"wp","href":"https:\/\/api.w.org\/{rel}","templated":true}]}}