{"id":89,"date":"2025-02-01T00:42:56","date_gmt":"2025-01-31T22:42:56","guid":{"rendered":"https:\/\/mariposacoffee.si\/home-2\/"},"modified":"2025-02-04T23:49:13","modified_gmt":"2025-02-04T21:49:13","slug":"mariposa-coffee-2","status":"publish","type":"page","link":"https:\/\/mariposacoffee.si\/en\/","title":{"rendered":"Mariposa Coffee"},"content":{"rendered":"\t\t<div data-elementor-type=\"wp-page\" data-elementor-id=\"89\" class=\"elementor elementor-89\" data-elementor-post-type=\"page\">\n\t\t\t\t<div class=\"elementor-element elementor-element-2b73a57 e-con-full e-flex e-con e-parent\" data-id=\"2b73a57\" data-element_type=\"container\">\n\t\t\t\t<div class=\"elementor-element elementor-element-b9c4d4f elementor-widget elementor-widget-slider_revolution\" data-id=\"b9c4d4f\" data-element_type=\"widget\" data-widget_type=\"slider_revolution.default\">\n\t\t\t\t<div class=\"elementor-widget-container\">\n\t\t\t\t\t\n\t\t<div class=\"wp-block-themepunch-revslider\">\n\t\t\t\t<p class=\"rs-p-wp-fix\"><\/p>\n\t\t\t\t<sr7-module data-alias=\"slider-3-12\" data-id=\"4\" id=\"SR7_4_1\" class=\"rs-ov-hidden\" data-version=\"6.7.25\">\n\t\t\t\t\t<sr7-adjuster><\/sr7-adjuster>\n\t\t\t\t\t<sr7-content>\n\t\t\t\t\t\t<sr7-slide id=\"SR7_4_1-11\" data-key=\"11\">\n\t\t\t\t\t\t\t<sr7-bg id=\"SR7_4_1-11-22\" class=\"sr7-layer\"><noscript><img decoding=\"async\" src=\"https:\/\/mariposacoffee.si\/wp-content\/uploads\/2024\/05\/slide-2-min.jpg\" alt=\"\" title=\"slide-2-min\"><\/noscript><\/sr7-bg>\n\t\t\t\t\t\t\t<sr7-txt id=\"SR7_4_1-11-7\" class=\"sr7-layer\">Redefinirajte svojo izku\u0161njo kave<\/sr7-txt>\n\t\t\t\t\t\t\t<sr7-txt id=\"SR7_4_1-11-8\" class=\"sr7-layer\">Odkrijte umotenost kave v vsakem po\u017eirku. Ro\u010dno izbrana, natan\u010dno pra\u017eena in popolno pripravljena - ker si zaslu\u017eite ve\u010d kot le kavo.<\/sr7-txt>\n\t\t\t\t\t\t<\/sr7-slide>\n\t\t\t\t\t\t<sr7-slide id=\"SR7_4_1-16\" data-key=\"16\">\n\t\t\t\t\t\t<\/sr7-slide>\n\t\t\t\t\t<\/sr7-content>\n\t\t\t\t\t<image_lists style=\"display:none\">\n\t\t\t\t\t\t<img data-src=\"\/\/mariposacoffee.si\/wp-content\/uploads\/2024\/05\/slide-2-min.jpg\" data-libid=\"204\" data-lib=\"medialibrary\" title=\"slide-2-min\" width=\"0\" height=\"0\" data-dbsrc=\"Ly9tYXJpcG9zYWNvZmZlZS5zaS93cC1jb250ZW50L3VwbG9hZHMvMjAyNC8wNS9zbGlkZS0yLW1pbi5qcGc=\"\/>\n\t\t\t\t\t<\/image_lists>\n\t\t\t\t<\/sr7-module>\n\t\t\t\t<script>\n\t\t\t\t\tSR7.PMH ??={}; SR7.PMH[\"SR7_4_1\"] = {cn:100,state:false,fn: function() { if (_tpt!==undefined && _tpt.prepareModuleHeight !== undefined) {  _tpt.prepareModuleHeight({id:\"SR7_4_1\",el:[600,600,750,650,480],type:'standard',shdw:'0',gh:[600,600,600,600,480],gw:[1290,1290,1024,778,480],vpt:['-200px&#039;,&#039;-200px&#039;,&#039;-200px&#039;,&#039;-200px&#039;,&#039;-200px'],size:{fullWidth:true, fullHeight:false},mh:'0',onh:0,onw:0,bg:{color:'{\"orig\":\"transparent\",\"type\":\"solid\",\"string\":\"transparent\"}'}});   SR7.PMH[\"SR7_4_1\"].state=true;} else if(SR7.PMH[\"SR7_4_1\"].cn-->0)\tsetTimeout( SR7.PMH[\"SR7_4_1\"].fn,19);}};SR7.PMH[\"SR7_4_1\" ].fn();\n\t\t\t\t<\/script>\n<\/div>\n\n\t\t\t\t\t\t<\/div>\n\t\t\t\t<\/div>\n\t\t\t\t<\/div>\n\t\t<div class=\"elementor-element elementor-element-bc59443 e-con-full e-flex e-con e-parent\" data-id=\"bc59443\" data-element_type=\"container\">\n\t\t\t\t<div class=\"elementor-element elementor-element-090ea9d elementor-align-center subtitle-position-above elementor-widget elementor-widget-heading\" data-id=\"090ea9d\" data-element_type=\"widget\" data-widget_type=\"heading.default\">\n\t\t\t\t<div class=\"elementor-widget-container\">\n\t\t\t\t\t<div class=\"elementor-heading-wrapper-inner\"><h2 class=\"elementor-heading-title elementor-size-xxl\">Popolnost v Vsaki Skodelici<\/h2><\/div>\t\t\t\t<\/div>\n\t\t\t\t<\/div>\n\t\t\t\t<div class=\"elementor-element elementor-element-420fa6c elementor-widget elementor-widget-text-editor\" data-id=\"420fa6c\" data-element_type=\"widget\" data-widget_type=\"text-editor.default\">\n\t\t\t\t<div class=\"elementor-widget-container\">\n\t\t\t\t\t\t\t\t\t<p style=\"text-align: center;\">Na\u0161a kava je ve\u010d kot pija\u010da. Je skrbno oblikovana izku\u0161nja, zasnovana za dvig va\u0161ih vsakdanjih trenutkov.<br \/>Od kmetije do skodelice, vsak korak je potovanje k popolnosti.\u200b<\/p>\t\t\t\t\t\t\t\t<\/div>\n\t\t\t\t<\/div>\n\t\t\t\t<\/div>\n\t\t<div class=\"elementor-element elementor-element-a0653b3 e-flex e-con-boxed e-con e-parent\" data-id=\"a0653b3\" data-element_type=\"container\">\n\t\t\t\t\t<div class=\"e-con-inner\">\n\t\t\t\t<div class=\"elementor-element elementor-element-b761a99 prroduct-layout-grid elementor-grid-4 overflow-to-none elementor-pagination-position-outside elementor-pagination-style-1 elementor-widget elementor-widget-arucafe-products\" data-id=\"b761a99\" data-element_type=\"widget\" data-settings=\"{&quot;center&quot;:&quot;yes&quot;,&quot;column&quot;:4,&quot;column_spacing&quot;:{&quot;unit&quot;:&quot;px&quot;,&quot;size&quot;:30,&quot;sizes&quot;:[]},&quot;swiper_overflow&quot;:&quot;none&quot;,&quot;navigation&quot;:&quot;both&quot;,&quot;autoplay&quot;:&quot;yes&quot;,&quot;pause_on_hover&quot;:&quot;yes&quot;,&quot;pause_on_interaction&quot;:&quot;yes&quot;,&quot;autoplay_speed&quot;:5000,&quot;infinite&quot;:&quot;yes&quot;,&quot;speed&quot;:500}\" data-widget_type=\"arucafe-products.default\">\n\t\t\t\t<div class=\"elementor-widget-container\">\n\t\t\t\t\t<div class=\"woocommerce columns-1  arucafe-swiper-wrapper swiper\">\n<div class=\"arucafe-con arucafe-swiper swiper-container\">\n    <ul class=\"arucafe-products products swiper-wrapper\">\n\n<li class=\"swiper-slide product type-product post-10022 status-publish first instock product_cat-kavne-mesanice product_cat-specialty-kava has-post-thumbnail featured taxable shipping-taxable product-type-external\">\n    <div class=\"product-block\"><div class=\"product-transition\"><div class=\"product-image\"><img fetchpriority=\"high\" decoding=\"async\" width=\"300\" height=\"300\" src=\"https:\/\/mariposacoffee.si\/wp-content\/uploads\/ele-custom-shapes\/specialty-kava-mesanica-erebia-300x300.png\" class=\"attachment-woocommerce_thumbnail size-woocommerce_thumbnail\" alt=\"Kavna me\u0161anica EREBIA 1kg\" srcset=\"https:\/\/mariposacoffee.si\/wp-content\/uploads\/ele-custom-shapes\/specialty-kava-mesanica-erebia-300x300.png 300w, https:\/\/mariposacoffee.si\/wp-content\/uploads\/ele-custom-shapes\/specialty-kava-mesanica-erebia-80x80.png 80w, https:\/\/mariposacoffee.si\/wp-content\/uploads\/ele-custom-shapes\/specialty-kava-mesanica-erebia-12x12.png 12w, https:\/\/mariposacoffee.si\/wp-content\/uploads\/ele-custom-shapes\/specialty-kava-mesanica-erebia-90x90.png 90w, https:\/\/mariposacoffee.si\/wp-content\/uploads\/ele-custom-shapes\/specialty-kava-mesanica-erebia.png 400w\" sizes=\"(max-width: 300px) 100vw, 300px\" \/><\/div>        <div class=\"group-action\">\n        <div class=\"shop-action\">\n        <a href=\"https:\/\/orin.coffee\/shop\/kavna-mesanica-orin-terra\/\" data-quantity=\"1\" class=\"button product_type_external\" data-product_id=\"10022\" data-product_sku=\"0166-1-1\" aria-label=\"NAKUP KAVE\" aria-describedby=\"\" data-c-tooltip=\"Add to cart\" rel=\"nofollow noopener\" target=\"_blank\"><\/a><button class=\"woosq-btn woosq-btn-10022\" data-id=\"10022\" data-effect=\"mfp-3d-unfold\" data-context=\"default\">Quick view<\/button>        <\/div>\n        <\/div>\n        <a href=\"https:\/\/mariposacoffee.si\/en\/product\/kavna-mesanica-erebia1kg\/\" class=\"woocommerce-LoopProduct-link woocommerce-loop-product__link\"><\/a><\/div><div class=\"product-caption\"><h3 class=\"woocommerce-loop-product__title\"><a href=\"https:\/\/mariposacoffee.si\/en\/product\/kavna-mesanica-erebia1kg\/\">Kavna me\u0161anica EREBIA 1kg<\/a><\/h3>\n\t<span class=\"price\"><span class=\"woocommerce-Price-amount amount\"><bdi><span class=\"woocommerce-Price-currencySymbol\">&euro;<\/span>39,00<\/bdi><\/span> <small class=\"woocommerce-price-suffix\">z ddv<\/small><\/span>\n<\/div><\/div><\/li>\n<li class=\"swiper-slide product type-product post-10020 status-publish first instock product_cat-kavne-mesanice product_cat-specialty-kava has-post-thumbnail featured taxable shipping-taxable product-type-external\">\n    <div class=\"product-block\"><div class=\"product-transition\"><div class=\"product-image\"><img decoding=\"async\" width=\"300\" height=\"300\" src=\"https:\/\/mariposacoffee.si\/wp-content\/uploads\/ele-custom-shapes\/specialty-kava-mesanica-papilio-300x300.png\" class=\"attachment-woocommerce_thumbnail size-woocommerce_thumbnail\" alt=\"Kavna me\u0161anica PAPILIO 1kg\" srcset=\"https:\/\/mariposacoffee.si\/wp-content\/uploads\/ele-custom-shapes\/specialty-kava-mesanica-papilio-300x300.png 300w, https:\/\/mariposacoffee.si\/wp-content\/uploads\/ele-custom-shapes\/specialty-kava-mesanica-papilio-80x80.png 80w, https:\/\/mariposacoffee.si\/wp-content\/uploads\/ele-custom-shapes\/specialty-kava-mesanica-papilio-12x12.png 12w, https:\/\/mariposacoffee.si\/wp-content\/uploads\/ele-custom-shapes\/specialty-kava-mesanica-papilio-90x90.png 90w, https:\/\/mariposacoffee.si\/wp-content\/uploads\/ele-custom-shapes\/specialty-kava-mesanica-papilio.png 400w\" sizes=\"(max-width: 300px) 100vw, 300px\" \/><\/div>        <div class=\"group-action\">\n        <div class=\"shop-action\">\n        <a href=\"https:\/\/orin.coffee\/shop\/kavna-mesanica-orin-lumina\/\" data-quantity=\"1\" class=\"button product_type_external\" data-product_id=\"10020\" data-product_sku=\"0166-1\" aria-label=\"KLIKNI ZA NAKUP KAVE\" aria-describedby=\"\" data-c-tooltip=\"Add to cart\" rel=\"nofollow noopener\" target=\"_blank\"><\/a><button class=\"woosq-btn woosq-btn-10020\" data-id=\"10020\" data-effect=\"mfp-3d-unfold\" data-context=\"default\">Quick view<\/button>        <\/div>\n        <\/div>\n        <a href=\"https:\/\/mariposacoffee.si\/en\/product\/kavna-mesanica-papilio-1kg\/\" class=\"woocommerce-LoopProduct-link woocommerce-loop-product__link\"><\/a><\/div><div class=\"product-caption\"><h3 class=\"woocommerce-loop-product__title\"><a href=\"https:\/\/mariposacoffee.si\/en\/product\/kavna-mesanica-papilio-1kg\/\">Kavna me\u0161anica PAPILIO 1kg<\/a><\/h3>\n\t<span class=\"price\"><span class=\"woocommerce-Price-amount amount\"><bdi><span class=\"woocommerce-Price-currencySymbol\">&euro;<\/span>43,00<\/bdi><\/span> <small class=\"woocommerce-price-suffix\">z ddv<\/small><\/span>\n<\/div><\/div><\/li>\n<li class=\"swiper-slide product type-product post-9435 status-publish first instock product_cat-single-origin product_cat-specialty-kava has-post-thumbnail sale taxable shipping-taxable product-type-external\">\n    <div class=\"product-block\"><div class=\"product-transition\"><div class=\"product-image\"><img loading=\"lazy\" decoding=\"async\" width=\"300\" height=\"300\" src=\"https:\/\/mariposacoffee.si\/wp-content\/uploads\/ele-custom-shapes\/specialty-kava-gvatemala-los-Arroyos-1-300x300.png\" class=\"attachment-woocommerce_thumbnail size-woocommerce_thumbnail\" alt=\"Gvatemala los Arroyos, washed\" srcset=\"https:\/\/mariposacoffee.si\/wp-content\/uploads\/ele-custom-shapes\/specialty-kava-gvatemala-los-Arroyos-1-300x300.png 300w, https:\/\/mariposacoffee.si\/wp-content\/uploads\/ele-custom-shapes\/specialty-kava-gvatemala-los-Arroyos-1-80x80.png 80w, https:\/\/mariposacoffee.si\/wp-content\/uploads\/ele-custom-shapes\/specialty-kava-gvatemala-los-Arroyos-1-12x12.png 12w, https:\/\/mariposacoffee.si\/wp-content\/uploads\/ele-custom-shapes\/specialty-kava-gvatemala-los-Arroyos-1-90x90.png 90w, https:\/\/mariposacoffee.si\/wp-content\/uploads\/ele-custom-shapes\/specialty-kava-gvatemala-los-Arroyos-1.png 400w\" sizes=\"(max-width: 300px) 100vw, 300px\" \/><\/div><div class=\"label-wrapper\"><span class=\"onsale\">-7%<\/span><\/div>        <div class=\"group-action\">\n        <div class=\"shop-action\">\n        <a href=\"https:\/\/orin.coffee\/shop\/gvatemala-el-paraiso-washed\/\" data-quantity=\"1\" class=\"button product_type_external\" data-product_id=\"9435\" data-product_sku=\"1737\" aria-label=\"KLIKNI ZA NAKUP KAVE\" aria-describedby=\"\" data-c-tooltip=\"Add to cart\" rel=\"nofollow noopener\" target=\"_blank\"><\/a><button class=\"woosq-btn woosq-btn-9435\" data-id=\"9435\" data-effect=\"mfp-3d-unfold\" data-context=\"default\">Quick view<\/button>        <\/div>\n        <\/div>\n        <a href=\"https:\/\/mariposacoffee.si\/en\/product\/gvatemala-los-arroyos-washed\/\" class=\"woocommerce-LoopProduct-link woocommerce-loop-product__link\"><\/a><\/div><div class=\"product-caption\"><h3 class=\"woocommerce-loop-product__title\"><a href=\"https:\/\/mariposacoffee.si\/en\/product\/gvatemala-los-arroyos-washed\/\">Gvatemala los Arroyos, washed<\/a><\/h3>\n\t<span class=\"price\"><del aria-hidden=\"true\"><span class=\"woocommerce-Price-amount amount\"><bdi><span class=\"woocommerce-Price-currencySymbol\">&euro;<\/span>10,80<\/bdi><\/span><\/del> <span class=\"screen-reader-text\">Original price was: &euro;10,80.<\/span><ins aria-hidden=\"true\"><span class=\"woocommerce-Price-amount amount\"><bdi><span class=\"woocommerce-Price-currencySymbol\">&euro;<\/span>10,00<\/bdi><\/span><\/ins><span class=\"screen-reader-text\">Current price is: &euro;10,00.<\/span> <small class=\"woocommerce-price-suffix\">z ddv<\/small><\/span>\n<\/div><\/div><\/li>\n<li class=\"swiper-slide product type-product post-9420 status-publish first instock product_cat-single-origin product_cat-specialty-kava has-post-thumbnail sale featured taxable shipping-taxable product-type-external\">\n    <div class=\"product-block\"><div class=\"product-transition\"><div class=\"product-image\"><img loading=\"lazy\" decoding=\"async\" width=\"300\" height=\"300\" src=\"https:\/\/mariposacoffee.si\/wp-content\/uploads\/ele-custom-shapes\/specialty-kava-kolumbija-el-paraiso-300x300.png\" class=\"attachment-woocommerce_thumbnail size-woocommerce_thumbnail\" alt=\"Kolumbija el Paraiso, washed\" srcset=\"https:\/\/mariposacoffee.si\/wp-content\/uploads\/ele-custom-shapes\/specialty-kava-kolumbija-el-paraiso-300x300.png 300w, https:\/\/mariposacoffee.si\/wp-content\/uploads\/ele-custom-shapes\/specialty-kava-kolumbija-el-paraiso-80x80.png 80w, https:\/\/mariposacoffee.si\/wp-content\/uploads\/ele-custom-shapes\/specialty-kava-kolumbija-el-paraiso-12x12.png 12w, https:\/\/mariposacoffee.si\/wp-content\/uploads\/ele-custom-shapes\/specialty-kava-kolumbija-el-paraiso-90x90.png 90w, https:\/\/mariposacoffee.si\/wp-content\/uploads\/ele-custom-shapes\/specialty-kava-kolumbija-el-paraiso.png 400w\" sizes=\"(max-width: 300px) 100vw, 300px\" \/><\/div><div class=\"label-wrapper\"><span class=\"onsale\">-7%<\/span><\/div>        <div class=\"group-action\">\n        <div class=\"shop-action\">\n        <a href=\"https:\/\/orin.coffee\/shop\/kolumbija-el-paraiso-washed\/\" data-quantity=\"1\" class=\"button product_type_external\" data-product_id=\"9420\" data-product_sku=\"1735\" aria-label=\"Klikni za nakup izdelka\" aria-describedby=\"\" data-c-tooltip=\"Add to cart\" rel=\"nofollow noopener\" target=\"_blank\"><\/a><button class=\"woosq-btn woosq-btn-9420\" data-id=\"9420\" data-effect=\"mfp-3d-unfold\" data-context=\"default\">Quick view<\/button>        <\/div>\n        <\/div>\n        <a href=\"https:\/\/mariposacoffee.si\/en\/product\/kolumbija-el-paraiso-washed\/\" class=\"woocommerce-LoopProduct-link woocommerce-loop-product__link\"><\/a><\/div><div class=\"product-caption\"><h3 class=\"woocommerce-loop-product__title\"><a href=\"https:\/\/mariposacoffee.si\/en\/product\/kolumbija-el-paraiso-washed\/\">Kolumbija el Paraiso, washed<\/a><\/h3>\n\t<span class=\"price\"><del aria-hidden=\"true\"><span class=\"woocommerce-Price-amount amount\"><bdi><span class=\"woocommerce-Price-currencySymbol\">&euro;<\/span>10,80<\/bdi><\/span><\/del> <span class=\"screen-reader-text\">Original price was: &euro;10,80.<\/span><ins aria-hidden=\"true\"><span class=\"woocommerce-Price-amount amount\"><bdi><span class=\"woocommerce-Price-currencySymbol\">&euro;<\/span>10,00<\/bdi><\/span><\/ins><span class=\"screen-reader-text\">Current price is: &euro;10,00.<\/span> <small class=\"woocommerce-price-suffix\">z ddv<\/small><\/span>\n<\/div><\/div><\/li>\n    <\/ul>\n<\/div><div class=\"swiper-pagination swiper-pagination-b761a99\"><\/div><div class=\"elementor-swiper-button elementor-swiper-button-prev elementor-swiper-button-prev-b761a99\"><span class=\"elementor-screen-only\">Previous<\/span><\/div><div class=\"elementor-swiper-button elementor-swiper-button-next elementor-swiper-button-next-b761a99\"><span class=\"elementor-screen-only\">Next<\/span><\/div><\/div>\t\t\t\t<\/div>\n\t\t\t\t<\/div>\n\t\t\t\t\t<\/div>\n\t\t\t\t<\/div>\n\t\t\t\t<section class=\"elementor-section elementor-top-section elementor-element elementor-element-1pyxu0s elementor-section-content-middle elementor-section-height-full elementor-section-boxed elementor-section-height-default elementor-section-items-middle\" data-id=\"1pyxu0s\" data-element_type=\"section\" data-settings=\"{&quot;background_background&quot;:&quot;classic&quot;}\">\n\t\t\t\t\t\t\t<div class=\"elementor-background-overlay\"><\/div>\n\t\t\t\t\t\t\t<div class=\"elementor-container elementor-column-gap-no\">\n\t\t\t\t\t<div class=\"elementor-column elementor-col-50 elementor-top-column elementor-element elementor-element-47d11e6\" data-id=\"47d11e6\" data-element_type=\"column\">\n\t\t\t<div class=\"elementor-widget-wrap elementor-element-populated\">\n\t\t\t\t\t\t<div class=\"elementor-element elementor-element-51240be elementor-widget elementor-widget-image\" data-id=\"51240be\" data-element_type=\"widget\" data-widget_type=\"image.default\">\n\t\t\t\t<div class=\"elementor-widget-container\">\n\t\t\t\t\t\t\t\t\t\t\t\t\t\t\t<img loading=\"lazy\" decoding=\"async\" width=\"757\" height=\"788\" src=\"https:\/\/mariposacoffee.si\/wp-content\/uploads\/2024\/01\/specialty-kava-mariposa-coffee-1.png\" class=\"attachment-full size-full wp-image-10536\" alt=\"\" srcset=\"https:\/\/mariposacoffee.si\/wp-content\/uploads\/2024\/01\/specialty-kava-mariposa-coffee-1.png 757w, https:\/\/mariposacoffee.si\/wp-content\/uploads\/2024\/01\/specialty-kava-mariposa-coffee-1-600x625.png 600w, https:\/\/mariposacoffee.si\/wp-content\/uploads\/2024\/01\/specialty-kava-mariposa-coffee-1-288x300.png 288w, https:\/\/mariposacoffee.si\/wp-content\/uploads\/2024\/01\/specialty-kava-mariposa-coffee-1-12x12.png 12w, https:\/\/mariposacoffee.si\/wp-content\/uploads\/2024\/01\/specialty-kava-mariposa-coffee-1-36x36.png 36w, https:\/\/mariposacoffee.si\/wp-content\/uploads\/2024\/01\/specialty-kava-mariposa-coffee-1-677x705.png 677w, https:\/\/mariposacoffee.si\/wp-content\/uploads\/2024\/01\/specialty-kava-mariposa-coffee-1-450x468.png 450w\" sizes=\"(max-width: 757px) 100vw, 757px\" \/>\t\t\t\t\t\t\t\t\t\t\t\t\t\t\t<\/div>\n\t\t\t\t<\/div>\n\t\t\t\t\t<\/div>\n\t\t<\/div>\n\t\t\t\t<div class=\"elementor-column elementor-col-50 elementor-top-column elementor-element elementor-element-e68dcfe\" data-id=\"e68dcfe\" data-element_type=\"column\">\n\t\t\t<div class=\"elementor-widget-wrap elementor-element-populated\">\n\t\t\t\t\t\t<div class=\"elementor-element elementor-element-a0ce042 elementor-align-left subtitle-position-above elementor-widget elementor-widget-heading\" data-id=\"a0ce042\" data-element_type=\"widget\" data-widget_type=\"heading.default\">\n\t\t\t\t<div class=\"elementor-widget-container\">\n\t\t\t\t\t<div class=\"elementor-heading-wrapper-inner\"><h5 class=\"elementor-heading-title elementor-size-xxl\">Dvignite standard v va\u0161em lokalu\n<\/h5><\/div>\t\t\t\t<\/div>\n\t\t\t\t<\/div>\n\t\t\t\t<div class=\"elementor-element elementor-element-72da1a5 elementor-widget elementor-widget-text-editor\" data-id=\"72da1a5\" data-element_type=\"widget\" data-widget_type=\"text-editor.default\">\n\t\t\t\t<div class=\"elementor-widget-container\">\n\t\t\t\t\t\t\t\t\t<p>Va\u0161i gostje si zaslu\u017eijo najbolj\u0161e. Z Mariposa Coffee jim ponudite kavo, ki jo bodo ob\u010dutili kot vrhunsko izku\u0161njo v vsaki skodelici. Navdu\u0161ite svoje goste z nepozabno izku\u0161njo bogatih in aromati\u010dnih okuse, ki izstopajo.<\/p><p>Izstopajte s kavo, ki izra\u017ea strast do kakovosti.<\/p>\t\t\t\t\t\t\t\t<\/div>\n\t\t\t\t<\/div>\n\t\t\t\t<div class=\"elementor-element elementor-element-a6dde25 elementor-align-left elementor-button-default elementor-widget elementor-widget-button\" data-id=\"a6dde25\" data-element_type=\"widget\" data-widget_type=\"button.default\">\n\t\t\t\t<div class=\"elementor-widget-container\">\n\t\t\t\t\t\t\t\t\t<div class=\"elementor-button-wrapper\">\n\t\t\t\t\t<a class=\"elementor-button elementor-button-link elementor-size-lg\" href=\"https:\/\/mariposacoffee.si\/kava-za-gostince\/\">\n\t\t\t\t\t\t<span class=\"elementor-button-content-wrapper\">\n\t\t\t\t\t\t\t\t\t<span class=\"elementor-button-text\">Sodelujte z nami<\/span>\n\t\t\t\t\t<\/span>\n\t\t\t\t\t<\/a>\n\t\t\t\t<\/div>\n\t\t\t\t\t\t\t\t<\/div>\n\t\t\t\t<\/div>\n\t\t\t\t\t<\/div>\n\t\t<\/div>\n\t\t\t\t\t<\/div>\n\t\t<\/section>\n\t\t\t\t<section class=\"elementor-section elementor-top-section elementor-element elementor-element-osnhnnc elementor-section-content-middle elementor-reverse-mobile elementor-section-boxed elementor-section-height-default elementor-section-height-default\" data-id=\"osnhnnc\" data-element_type=\"section\" data-settings=\"{&quot;background_background&quot;:&quot;classic&quot;}\">\n\t\t\t\t\t\t<div class=\"elementor-container elementor-column-gap-no\">\n\t\t\t\t\t<div class=\"elementor-column elementor-col-50 elementor-top-column elementor-element elementor-element-1205895\" data-id=\"1205895\" data-element_type=\"column\">\n\t\t\t<div class=\"elementor-widget-wrap elementor-element-populated\">\n\t\t\t\t\t\t<div class=\"elementor-element elementor-element-ab2f802 elementor-align-left subtitle-position-above elementor-widget elementor-widget-heading\" data-id=\"ab2f802\" data-element_type=\"widget\" data-widget_type=\"heading.default\">\n\t\t\t\t<div class=\"elementor-widget-container\">\n\t\t\t\t\t<div class=\"elementor-heading-wrapper-inner\"><h1 class=\"elementor-heading-title elementor-size-xxl\">Na\u0161a zgodba in strast<\/h1><\/div>\t\t\t\t<\/div>\n\t\t\t\t<\/div>\n\t\t\t\t<div class=\"elementor-element elementor-element-f250609 elementor-widget elementor-widget-text-editor\" data-id=\"f250609\" data-element_type=\"widget\" data-widget_type=\"text-editor.default\">\n\t\t\t\t<div class=\"elementor-widget-container\">\n\t\t\t\t\t\t\t\t\t<p style=\"text-align: left;\">V Mariposa Coffee verjamemo, da vsaka skodelica pripoveduje zgodbo. Od na\u0161ih skromnih za\u010detkov do postajanja vodilnega imena v svetu specializirane kave, na\u0161a zavezanost kakovosti nikoli ne izzveni<\/p>\t\t\t\t\t\t\t\t<\/div>\n\t\t\t\t<\/div>\n\t\t\t\t<div class=\"elementor-element elementor-element-e831d36 elementor-align-left elementor-button-default elementor-widget elementor-widget-button\" data-id=\"e831d36\" data-element_type=\"widget\" data-widget_type=\"button.default\">\n\t\t\t\t<div class=\"elementor-widget-container\">\n\t\t\t\t\t\t\t\t\t<div class=\"elementor-button-wrapper\">\n\t\t\t\t\t<a class=\"elementor-button elementor-button-link elementor-size-lg\" href=\"https:\/\/mariposacoffee.si\/about-us\/\">\n\t\t\t\t\t\t<span class=\"elementor-button-content-wrapper\">\n\t\t\t\t\t\t\t\t\t<span class=\"elementor-button-text\">Odkrijte na\u0161o zgodbo<\/span>\n\t\t\t\t\t<\/span>\n\t\t\t\t\t<\/a>\n\t\t\t\t<\/div>\n\t\t\t\t\t\t\t\t<\/div>\n\t\t\t\t<\/div>\n\t\t\t\t\t<\/div>\n\t\t<\/div>\n\t\t\t\t<div class=\"elementor-column elementor-col-50 elementor-top-column elementor-element elementor-element-81eb113\" data-id=\"81eb113\" data-element_type=\"column\">\n\t\t\t<div class=\"elementor-widget-wrap elementor-element-populated\">\n\t\t\t\t\t\t<div class=\"elementor-element elementor-element-6c7f020 elementor-widget elementor-widget-image\" data-id=\"6c7f020\" data-element_type=\"widget\" data-widget_type=\"image.default\">\n\t\t\t\t<div class=\"elementor-widget-container\">\n\t\t\t\t\t\t\t\t\t\t\t\t\t\t\t<img loading=\"lazy\" decoding=\"async\" width=\"500\" height=\"500\" src=\"https:\/\/mariposacoffee.si\/wp-content\/uploads\/2024\/09\/mariposa-coffee-zgodba-1.png\" class=\"attachment-full size-full wp-image-10963\" alt=\"\" srcset=\"https:\/\/mariposacoffee.si\/wp-content\/uploads\/2024\/09\/mariposa-coffee-zgodba-1.png 500w, https:\/\/mariposacoffee.si\/wp-content\/uploads\/2024\/09\/mariposa-coffee-zgodba-1-300x300.png 300w, https:\/\/mariposacoffee.si\/wp-content\/uploads\/2024\/09\/mariposa-coffee-zgodba-1-90x90.png 90w, https:\/\/mariposacoffee.si\/wp-content\/uploads\/2024\/09\/mariposa-coffee-zgodba-1-80x80.png 80w, https:\/\/mariposacoffee.si\/wp-content\/uploads\/2024\/09\/mariposa-coffee-zgodba-1-12x12.png 12w, https:\/\/mariposacoffee.si\/wp-content\/uploads\/2024\/09\/mariposa-coffee-zgodba-1-36x36.png 36w, https:\/\/mariposacoffee.si\/wp-content\/uploads\/2024\/09\/mariposa-coffee-zgodba-1-180x180.png 180w, https:\/\/mariposacoffee.si\/wp-content\/uploads\/2024\/09\/mariposa-coffee-zgodba-1-120x120.png 120w, https:\/\/mariposacoffee.si\/wp-content\/uploads\/2024\/09\/mariposa-coffee-zgodba-1-450x450.png 450w\" sizes=\"(max-width: 500px) 100vw, 500px\" \/>\t\t\t\t\t\t\t\t\t\t\t\t\t\t\t<\/div>\n\t\t\t\t<\/div>\n\t\t\t\t\t<\/div>\n\t\t<\/div>\n\t\t\t\t\t<\/div>\n\t\t<\/section>\n\t\t\t\t<\/div>\n\t\t","protected":false},"excerpt":{"rendered":"<p>Popolnost v Vsaki Skodelici Na\u0161a kava je ve\u010d kot pija\u010da. Je skrbno oblikovana izku\u0161nja, zasnovana za dvig va\u0161ih vsakdanjih trenutkov.Od kmetije do skodelice, vsak korak je potovanje k popolnosti.\u200b Quick view Letna naro\u010dnina na kavo ( reviews) Od: &euro;28,00 z ddv \/ month for 12 months Quick view Brazilija Coletivo Capara\u00f3, natural ( reviews) &euro;10,50 [&hellip;]<\/p>\n","protected":false},"author":1,"featured_media":0,"parent":0,"menu_order":0,"comment_status":"closed","ping_status":"closed","template":"template-homepage.php","meta":{"footnotes":""},"class_list":["post-89","page","type-page","status-publish","hentry"],"jetpack_sharing_enabled":true,"_links":{"self":[{"href":"https:\/\/mariposacoffee.si\/en\/wp-json\/wp\/v2\/pages\/89","targetHints":{"allow":["GET"]}}],"collection":[{"href":"https:\/\/mariposacoffee.si\/en\/wp-json\/wp\/v2\/pages"}],"about":[{"href":"https:\/\/mariposacoffee.si\/en\/wp-json\/wp\/v2\/types\/page"}],"author":[{"embeddable":true,"href":"https:\/\/mariposacoffee.si\/en\/wp-json\/wp\/v2\/users\/1"}],"replies":[{"embeddable":true,"href":"https:\/\/mariposacoffee.si\/en\/wp-json\/wp\/v2\/comments?post=89"}],"version-history":[{"count":49,"href":"https:\/\/mariposacoffee.si\/en\/wp-json\/wp\/v2\/pages\/89\/revisions"}],"predecessor-version":[{"id":11918,"href":"https:\/\/mariposacoffee.si\/en\/wp-json\/wp\/v2\/pages\/89\/revisions\/11918"}],"wp:attachment":[{"href":"https:\/\/mariposacoffee.si\/en\/wp-json\/wp\/v2\/media?parent=89"}],"curies":[{"name":"wp","href":"https:\/\/api.w.org\/{rel}","templated":true}]}}