{"id":5634,"date":"2019-10-31T08:11:50","date_gmt":"2019-10-31T06:11:50","guid":{"rendered":"https:\/\/mariposacoffeeroasters.si\/?post_type=product&#038;p=5634"},"modified":"2025-03-02T00:01:14","modified_gmt":"2025-03-01T22:01:14","slug":"victoria-arduino-mythos-one","status":"publish","type":"product","link":"https:\/\/mariposacoffee.si\/en\/product\/victoria-arduino-mythos-one\/","title":{"rendered":"Victoria Arduino - Mythos ONE"},"content":{"rendered":"<p>[av_section min_height=&#8221; min_height_pc=&#8217;25&#8217; min_height_px=&#8217;500px&#8217; padding=&#8217;large&#8217; custom_margin=&#8217;0px&#8217; custom_margin_sync=&#8217;true&#8217; color=&#8217;main_color&#8217; background=&#8217;bg_color&#8217; custom_bg=&#8221; background_gradient_color1=&#8221; background_gradient_color2=&#8221; background_gradient_direction=&#8217;vertical&#8217; src=&#8221; attachment=&#8221; attachment_size=&#8221; attach=&#8217;scroll&#8217; position=&#8217;top left&#8217; repeat=&#8217;no-repeat&#8217; video=&#8221; video_ratio=&#8217;16:9&#8242; overlay_opacity=&#8217;0.5&#8242; overlay_color=&#8221; overlay_pattern=&#8221; overlay_custom_pattern=&#8221; shadow=&#8217;no-border-styling&#8217; bottom_border=&#8217;no-border-styling&#8217; bottom_border_diagonal_color=&#8217;#333333&#8242; bottom_border_diagonal_direction=&#8221; bottom_border_style=&#8221; custom_arrow_bg=&#8221; id=&#8221; custom_class=&#8221; aria_label=&#8221; av_element_hidden_in_editor=&#8217;0&#8242; av_uid=&#8217;av-kh3s0w24&#8242;]<\/p>\n<p>[av_one_half first min_height=&#8221; vertical_alignment=&#8217;av-align-top&#8217; space=&#8221; row_boxshadow_color=&#8221; row_boxshadow_width=&#8217;10&#8217; margin=&#8217;0px&#8217; margin_sync=&#8217;true&#8217; mobile_breaking=&#8221; border=&#8221; border_color=&#8221; radius=&#8217;0px,0px,0px,0px&#8217; padding=&#8217;0px,0px,0px,50px&#8217; column_boxshadow_color=&#8221; column_boxshadow_width=&#8217;10&#8217; background=&#8217;bg_color&#8217; background_color=&#8221; background_gradient_color1=&#8221; background_gradient_color2=&#8221; background_gradient_direction=&#8217;vertical&#8217; src=&#8221; attachment=&#8221; attachment_size=&#8221; background_position=&#8217;top left&#8217; background_repeat=&#8217;no-repeat&#8217; highlight_size=&#8217;1.1&#8242; animation=&#8221; link=&#8221; linktarget=&#8221; link_hover=&#8221; title_attr=&#8221; alt_attr=&#8221; mobile_display=&#8221; id=&#8221; custom_class=&#8221; aria_label=&#8221; av_uid=&#8217;av-x0u7q&#8217;]<\/p>\n<p>[av_textblock size=&#8221; av-medium-font-size=&#8221; av-small-font-size=&#8221; av-mini-font-size=&#8221; font_color=&#8221; color=&#8221; id=&#8221; custom_class=&#8221; av_uid=&#8217;av-kh3s33fd&#8217; admin_preview_bg=&#8221;]<\/p>\n<h1 class=\"product-title padded\">Mythos I<\/h1>\n<p>Mythos One je idealen spremljevalec za vsak profesionalni aparat za kavo espresso. To je nepogre\u0161ljiv del opreme za vsakega barista, ki \u017eeli biti prepri\u010dan, da ponuja vrhunsko kakovost.<\/p>\n<h3>Namenjen<\/h3>\n<ul>\n<li>Prostori z velikim obsegom prodaje<\/li>\n<li><span class=\"JLqJ4b\" data-language-for-alternatives=\"sl\" data-language-to-translate-into=\"en\" data-phrase-index=\"1\"><span class=\"JLqJ4b ChMk0b\" data-language-for-alternatives=\"sl\" data-language-to-translate-into=\"en\" data-phrase-index=\"2\">Hoteli in restavracije<\/span><\/span><\/li>\n<li><span class=\"JLqJ4b\" data-language-for-alternatives=\"sl\" data-language-to-translate-into=\"en\" data-phrase-index=\"1\"><span class=\"JLqJ4b ChMk0b\" data-language-for-alternatives=\"sl\" data-language-to-translate-into=\"en\" data-phrase-index=\"2\">Kavarne in bari<\/span><\/span><\/li>\n<\/ul>\n<p>[\/av_textblock]<\/p>\n<p>[av_product_button av_uid=&#8217;av-4qjjiu&#8217;]<\/p>\n<p>[\/av_one_half][av_one_half min_height=&#8221; vertical_alignment=&#8221; space=&#8221; row_boxshadow=&#8221; row_boxshadow_color=&#8221; row_boxshadow_width=&#8217;10&#8217; custom_margin=&#8221; margin=&#8217;0px&#8217; mobile_breaking=&#8221; border=&#8221; border_color=&#8221; radius=&#8217;0px&#8217; padding=&#8217;0px&#8217; column_boxshadow=&#8221; column_boxshadow_color=&#8221; column_boxshadow_width=&#8217;10&#8217; background=&#8217;bg_color&#8217; background_color=&#8221; background_gradient_color1=&#8221; background_gradient_color2=&#8221; background_gradient_direction=&#8217;vertical&#8217; src=&#8221; background_position=&#8217;top left&#8217; background_repeat=&#8217;no-repeat&#8217; highlight=&#8221; highlight_size=&#8221; animation=&#8221; link=&#8221; linktarget=&#8221; link_hover=&#8221; title_attr=&#8221; alt_attr=&#8221; mobile_display=&#8221; id=&#8221; custom_class=&#8221; aria_label=&#8221; av_uid=&#8217;av-2odkp2&#8242;]<\/p>\n<p>[av_image src=&#8217;https:\/\/mariposacoffeeroasters.si\/wp-content\/uploads\/2021\/07\/victoria-arduino-mythos-one.jpg&#8217; attachment=&#8217;8340&#8242; attachment_size=&#8217;full&#8217; copyright=&#8221; caption=&#8221; styling=&#8221; align=&#8217;center&#8217; font_size=&#8221; overlay_opacity=&#8217;0.4&#8242; overlay_color=&#8217;#000000&#8242; overlay_text_color=&#8217;#ffffff&#8217; animation=&#8217;no-animation&#8217; hover=&#8221; appearance=&#8221; link=&#8221; target=&#8221; title_attr=&#8221; alt_attr=&#8221; lazy_loading=&#8217;disabled&#8217; id=&#8221; custom_class=&#8221; template_class=&#8221; element_template=&#8221; one_element_template=&#8221; av_element_hidden_in_editor=&#8217;0&#8242; av_uid=&#8217;av-k63wqh3r&#8217; sc_version=&#8217;1.0&#8242; admin_preview_bg=&#8221;][\/av_image]<\/p>\n<p>[\/av_one_half][\/av_section][av_heading heading=&#8217;PREDNOSTI&#8217; tag=&#8217;h2&#8242; link=&#8221; link_target=&#8221; style=&#8217;blockquote classic-quote classic-quote-left&#8217; size=&#8221; subheading_active=&#8221; subheading_size=&#8221; margin=&#8221; padding=&#8217;10&#8217; icon_padding=&#8217;10&#8217; color=&#8217;custom-color-heading&#8217; custom_font=&#8217;#edae44&#8242; icon_color=&#8221; show_icon=&#8221; icon=&#8217;ue812&#8242; font=&#8217;entypo-fontello&#8217; icon_size=&#8221; custom_class=&#8221; id=&#8221; admin_preview_bg=&#8221; av-desktop-hide=&#8221; av-medium-hide=&#8221; av-small-hide=&#8221; av-mini-hide=&#8221; av-medium-font-size-title=&#8221; av-small-font-size-title=&#8221; av-mini-font-size-title=&#8221; av-medium-font-size=&#8221; av-small-font-size=&#8221; av-mini-font-size=&#8221; av-medium-font-size-1=&#8221; av-small-font-size-1=&#8221; av-mini-font-size-1=&#8221; av_uid=&#8217;av-57yvqq&#8217;][\/av_heading]<\/p>\n<p>[av_textblock size=&#8221; av-medium-font-size=&#8221; av-small-font-size=&#8221; av-mini-font-size=&#8221; font_color=&#8221; color=&#8221; id=&#8221; custom_class=&#8221; av_uid=&#8217;av-k63xguiq&#8217; admin_preview_bg=&#8221;]<br \/>\nNova generacija brusilnikov na zahtevo. Tradicija se sre\u010da z inovacijami.<\/p>\n<p>Materiali in zaklju\u010dki, ki naredijo razliko, napredne tehnologije in pametni detajli. Mythos 1 je neprimerljiv po svoji inovativni tehnologiji Clima Pro in sistemu Clump Crush. Oba sta funkcionalni metodi, ki zagotavljata stalen odmerek, ki uravnava odtok in dviguje kakovost ekstrahirane kave.<\/p>\n<p>Mythos 1 je mlin\u010dek na zahtevo, ki se osredoto\u010da na dve tehnologiji, ki lahko izbolj\u0161ata kakovost ekstrakcije kave. Je izredno natan\u010den, pozoren je, da ne ustvarja odve\u010dnih odpadkov, je zvo\u010dno udoben in enostaven za uporabo.<br \/>\n[\/av_textblock]<\/p>\n<p>[av_textblock size=&#8221; av-medium-font-size=&#8221; av-small-font-size=&#8221; av-mini-font-size=&#8221; font_color=&#8221; color=&#8221; id=&#8221; custom_class=&#8221; av_uid=&#8217;av-k63xguiq&#8217; admin_preview_bg=&#8221;]<br \/>\nCLIMA PRO<\/p>\n<p>Ta tehnologija mo\u010dno vpliva na konstantnost doz, zato je z inovativno tehnologijo &#8220;Clima Pro&#8221;, ki jo vsebuje Mythos One, Victoria Arduino predstavila pameten na\u010din za upravljanje temperature v komori za mletje. Zagotavlja stalne doze in zlasti bolj kakovostno ekstrakcijo espressa. S tehnolo\u0161kega vidika je brusilnik Mythos One na zahtevo oboro\u017een s sistemom Clima Pro na prvo mesto.<\/p>\n<p>DROBILNI SISTEM CLAMP<\/p>\n<p>Inovativni sistem &#8216;Clump Crusher&#8217; s katero koli vrsto kave zagotavlja redno preto\u010dno maso, ki se po eni strani izogne ustvarjanju grudic v kavi, po drugi pa prepre\u010duje stati\u010dno elektriko v zmletih delcih kave.<\/p>\n<p>PORTAFILTERSKA KLJU\u010cAVA<\/p>\n<p>Ena najbolj\u0161ih in najbolj prakti\u010dnih ergonomskih re\u0161itev za delo bariste: zmanj\u0161an stres na zapestju, ki se ponavlja, in enostavnost uporabe v fazi polnjenja.<\/p>\n<p>ERGONOMSKI ZASLON<\/p>\n<p>Nova zaslon nudi popoln nadzor nad vsakim postopkom. LED lu\u010dke osvetljujejo operativni del tudi v temnih nastavitvah.<\/p>\n<p>NANOTECH BURR COAT<\/p>\n<p>Nanotechov premaz omogo\u010da spreminjanje molekularnih zna\u010dilnosti nerjave\u010dega jekla, tako kot titan, kar zagotavlja maksimalno higieno in hkrati poenostavlja \u010di\u0161\u010denje bariste. Nanotechov premaz vpliva tudi na dolgo \u017eivljenjsko dobo drgnjenja tako v smislu uspe\u0161nosti in zanesljivosti. Rezultat? Mlin zdr\u017ei dlje.<\/p>\n<p>TIHO DELOVANJE<\/p>\n<p>Ta funkcija naredi brusilnik doz bolj tih kot kdaj koli prej. Odpravljajo se mote\u010di in neprekinjeni zvoki, kar zagotavlja zvo\u010dno udobje v korist okolice in gostov.<br \/>\n[\/av_textblock]<\/p>\n<p>[av_heading heading=&#8217;TEHNI\u010cNE SPECIFIKACIJE&#8217; tag=&#8217;h2&#8242; link=&#8221; link_target=&#8221; style=&#8217;blockquote classic-quote classic-quote-left&#8217; size=&#8221; subheading_active=&#8221; subheading_size=&#8221; margin=&#8221; padding=&#8217;10&#8217; icon_padding=&#8217;10&#8217; color=&#8217;custom-color-heading&#8217; custom_font=&#8217;#edae44&#8242; icon_color=&#8221; show_icon=&#8221; icon=&#8217;ue812&#8242; font=&#8217;entypo-fontello&#8217; icon_size=&#8221; custom_class=&#8221; id=&#8221; admin_preview_bg=&#8221; av-desktop-hide=&#8221; av-medium-hide=&#8221; av-small-hide=&#8221; av-mini-hide=&#8221; av-medium-font-size-title=&#8221; av-small-font-size-title=&#8221; av-mini-font-size-title=&#8221; av-medium-font-size=&#8221; av-small-font-size=&#8221; av-mini-font-size=&#8221; av-medium-font-size-1=&#8221; av-small-font-size-1=&#8221; av-mini-font-size-1=&#8221; av_uid=&#8217;av-4iygma&#8217;][\/av_heading]<\/p>\n<p>[av_textblock size=&#8221; av-medium-font-size=&#8221; av-small-font-size=&#8221; av-mini-font-size=&#8221; font_color=&#8221; color=&#8221; id=&#8221; custom_class=&#8221; av_uid=&#8217;av-k63xguiq&#8217; admin_preview_bg=&#8221;]<\/p>\n<ul>\n<li>kapaciteta 1,3 kg<\/li>\n<li>no\u017ei 75 mm<\/li>\n<li>mo\u010d\u00a0800 &#8211; 950 W<\/li>\n<li>napetost 115 &#8211; 230 V<\/li>\n<\/ul>\n<p>[\/av_textblock]<\/p>\n<p>[av_heading heading=&#8217;DIMENZIJE&#8217; tag=&#8217;h2&#8242; link=&#8221; link_target=&#8221; style=&#8217;blockquote classic-quote classic-quote-left&#8217; size=&#8221; subheading_active=&#8221; subheading_size=&#8221; margin=&#8221; padding=&#8217;10&#8217; icon_padding=&#8217;10&#8217; color=&#8217;custom-color-heading&#8217; custom_font=&#8217;#edae44&#8242; icon_color=&#8221; show_icon=&#8221; icon=&#8217;ue812&#8242; font=&#8217;entypo-fontello&#8217; icon_size=&#8221; custom_class=&#8221; id=&#8221; admin_preview_bg=&#8221; av-desktop-hide=&#8221; av-medium-hide=&#8221; av-small-hide=&#8221; av-mini-hide=&#8221; av-medium-font-size-title=&#8221; av-small-font-size-title=&#8221; av-mini-font-size-title=&#8221; av-medium-font-size=&#8221; av-small-font-size=&#8221; av-mini-font-size=&#8221; av-medium-font-size-1=&#8221; av-small-font-size-1=&#8221; av-mini-font-size-1=&#8221; av_uid=&#8217;av-1xku3m&#8217;][\/av_heading]<\/p>\n<p>[av_textblock size=&#8221; av-medium-font-size=&#8221; av-small-font-size=&#8221; av-mini-font-size=&#8221; font_color=&#8221; color=&#8221; id=&#8221; custom_class=&#8221; av_uid=&#8217;av-k63xguiq&#8217; admin_preview_bg=&#8221;]<\/p>\n<ul>\n<li>\u0161irina 188 mm<\/li>\n<li>vi\u0161ina 510 mm<\/li>\n<li>globina 400 mm<\/li>\n<\/ul>\n<p>[\/av_textblock]<\/p>\n","protected":false},"excerpt":{"rendered":"<p>[av_section min_height=&#8221; min_height_pc=&#8217;25&#8217; min_height_px=&#8217;500px&#8217; padding=&#8217;large&#8217; custom_margin=&#8217;0px&#8217; custom_margin_sync=&#8217;true&#8217; color=&#8217;main_color&#8217; background=&#8217;bg_color&#8217; custom_bg=&#8221; background_gradient_color1=&#8221; background_gradient_color2=&#8221; background_gradient_direction=&#8217;vertical&#8217; src=&#8221; attachment=&#8221; attachment_size=&#8221; attach=&#8217;scroll&#8217; position=&#8217;top left&#8217; repeat=&#8217;no-repeat&#8217; video=&#8221; video_ratio=&#8217;16:9&#8242; overlay_opacity=&#8217;0.5&#8242; overlay_color=&#8221; overlay_pattern=&#8221; overlay_custom_pattern=&#8221; shadow=&#8217;no-border-styling&#8217; bottom_border=&#8217;no-border-styling&#8217; bottom_border_diagonal_color=&#8217;#333333&#8242; bottom_border_diagonal_direction=&#8221; bottom_border_style=&#8221; custom_arrow_bg=&#8221; id=&#8221; custom_class=&#8221; aria_label=&#8221; av_element_hidden_in_editor=&#8217;0&#8242; av_uid=&#8217;av-kh3s0w24&#8242;] [av_one_half first min_height=&#8221; vertical_alignment=&#8217;av-align-top&#8217; space=&#8221; row_boxshadow_color=&#8221; row_boxshadow_width=&#8217;10&#8217; margin=&#8217;0px&#8217; margin_sync=&#8217;true&#8217; mobile_breaking=&#8221; border=&#8221; border_color=&#8221; radius=&#8217;0px,0px,0px,0px&#8217; padding=&#8217;0px,0px,0px,50px&#8217; column_boxshadow_color=&#8221; column_boxshadow_width=&#8217;10&#8217; background=&#8217;bg_color&#8217; background_color=&#8221; [&hellip;]<\/p>\n","protected":false},"featured_media":12401,"template":"","meta":[],"product_cat":[130],"product_tag":[],"class_list":{"0":"post-5634","1":"product","2":"type-product","3":"status-publish","4":"has-post-thumbnail","6":"product_brand-victoria-arduino","7":"product_cat-kavni-mlini","9":"first","10":"onbackorder","11":"taxable","12":"shipping-taxable","13":"purchasable","14":"product-type-simple"},"jetpack_sharing_enabled":true,"_links":{"self":[{"href":"https:\/\/mariposacoffee.si\/en\/wp-json\/wp\/v2\/product\/5634","targetHints":{"allow":["GET"]}}],"collection":[{"href":"https:\/\/mariposacoffee.si\/en\/wp-json\/wp\/v2\/product"}],"about":[{"href":"https:\/\/mariposacoffee.si\/en\/wp-json\/wp\/v2\/types\/product"}],"wp:featuredmedia":[{"embeddable":true,"href":"https:\/\/mariposacoffee.si\/en\/wp-json\/wp\/v2\/media\/12401"}],"wp:attachment":[{"href":"https:\/\/mariposacoffee.si\/en\/wp-json\/wp\/v2\/media?parent=5634"}],"wp:term":[{"taxonomy":"product_cat","embeddable":true,"href":"https:\/\/mariposacoffee.si\/en\/wp-json\/wp\/v2\/product_cat?post=5634"},{"taxonomy":"product_tag","embeddable":true,"href":"https:\/\/mariposacoffee.si\/en\/wp-json\/wp\/v2\/product_tag?post=5634"}],"curies":[{"name":"wp","href":"https:\/\/api.w.org\/{rel}","templated":true}]}}