{"id":5962,"date":"2020-02-01T21:08:11","date_gmt":"2020-02-01T19:08:11","guid":{"rendered":"https:\/\/mariposacoffeeroasters.si\/?post_type=product&#038;p=5962"},"modified":"2025-03-02T00:13:59","modified_gmt":"2025-03-01T22:13:59","slug":"kavni-mlin-mdj","status":"publish","type":"product","link":"https:\/\/mariposacoffee.si\/en\/product\/kavni-mlin-mdj\/","title":{"rendered":"Coffee mill MDJ"},"content":{"rendered":"<p>[av_one_half first min_height=&#8221; vertical_alignment=&#8217;av-align-top&#8217; space=&#8221; row_boxshadow_color=&#8221; row_boxshadow_width=&#8217;10&#8217; margin=&#8217;0px&#8217; margin_sync=&#8217;true&#8217; mobile_breaking=&#8221; border=&#8221; border_color=&#8221; radius=&#8217;0px,0px,0px,0px&#8217; padding=&#8217;0px,0px,0px,50px&#8217; column_boxshadow_color=&#8221; column_boxshadow_width=&#8217;10&#8217; background=&#8217;bg_color&#8217; background_color=&#8221; background_gradient_color1=&#8221; background_gradient_color2=&#8221; background_gradient_direction=&#8217;vertical&#8217; src=&#8221; attachment=&#8221; attachment_size=&#8221; background_position=&#8217;top left&#8217; background_repeat=&#8217;no-repeat&#8217; highlight_size=&#8217;1.1&#8242; animation=&#8221; link=&#8221; linktarget=&#8221; link_hover=&#8221; title_attr=&#8221; alt_attr=&#8221; mobile_display=&#8221; id=&#8221; custom_class=&#8221; aria_label=&#8221; av_uid=&#8217;av-x0u7q&#8217;]<br \/>\n[av_textblock fold_type=&#8221; fold_height=&#8221; fold_more=&#8217;Read more&#8217; fold_less=&#8217;Read less&#8217; fold_text_style=&#8221; fold_btn_align=&#8221; textblock_styling_align=&#8221; textblock_styling=&#8221; textblock_styling_gap=&#8221; textblock_styling_mobile=&#8221; size=&#8221; av-desktop-font-size=&#8221; av-medium-font-size=&#8221; av-small-font-size=&#8221; av-mini-font-size=&#8221; font_color=&#8221; color=&#8221; fold_overlay_color=&#8221; fold_text_color=&#8221; fold_btn_color=&#8217;theme-color&#8217; fold_btn_bg_color=&#8221; fold_btn_font_color=&#8221; size-btn-text=&#8221; av-desktop-font-size-btn-text=&#8221; av-medium-font-size-btn-text=&#8221; av-small-font-size-btn-text=&#8221; av-mini-font-size-btn-text=&#8221; fold_timer=&#8221; z_index_fold=&#8221; id=&#8221; custom_class=&#8221; template_class=&#8221; av_uid=&#8217;av-kh3s33fd&#8217; sc_version=&#8217;1.0&#8242; admin_preview_bg=&#8221;]<\/p>\n<h1 class=\"product-title padded\">mdj<\/h1>\n<p>Je visokokakovostni profesionalni brusilnik na zahtevo.<\/p>\n<p>Mo\u010dan in tako tih, kot je le mogo\u010de. MDJ je idealen kavni mlin za visoko produktivne obrate, ki potrebujejo mletje do 3 kg na dan. Tudi med najbolj obremenjenim \u010dasom MDJ zagotavlja natan\u010dno mletje in pospe\u0161i delovni proces z novim zaslonom na dotik in nosilcem za portafilter.<br \/>\n[\/av_textblock]<\/p>\n<p>[av_product_button av_uid=&#8217;av-4qjjiu&#8217;]<br \/>\n[\/av_one_half]<\/p>\n<p>[av_one_half min_height=&#8221; vertical_alignment=&#8221; space=&#8221; row_boxshadow=&#8221; row_boxshadow_color=&#8221; row_boxshadow_width=&#8217;10&#8217; custom_margin=&#8221; margin=&#8217;0px&#8217; mobile_breaking=&#8221; border=&#8221; border_color=&#8221; radius=&#8217;0px&#8217; padding=&#8217;0px&#8217; column_boxshadow=&#8221; column_boxshadow_color=&#8221; column_boxshadow_width=&#8217;10&#8217; background=&#8217;bg_color&#8217; background_color=&#8221; background_gradient_color1=&#8221; background_gradient_color2=&#8221; background_gradient_direction=&#8217;vertical&#8217; src=&#8221; background_position=&#8217;top left&#8217; background_repeat=&#8217;no-repeat&#8217; highlight=&#8221; highlight_size=&#8221; animation=&#8221; link=&#8221; linktarget=&#8221; link_hover=&#8221; title_attr=&#8221; alt_attr=&#8221; mobile_display=&#8221; id=&#8221; custom_class=&#8221; aria_label=&#8221; av_uid=&#8217;av-2odkp2&#8242;]<br \/>\n[av_image src=&#8217;http:\/\/mariposacoffee.si\/wp-content\/uploads\/2020\/02\/nuova-simonelli-mdj-grinder1.jpg&#8217; attachment=&#8217;10686&#8242; attachment_size=&#8217;full&#8217; copyright=&#8221; caption=&#8221; image_size=&#8221; styling=&#8221; box_shadow=&#8217;none&#8217; box_shadow_width=&#8217;10&#8217; box_shadow_color=&#8221; align=&#8217;center&#8217; font_size=&#8221; overlay_opacity=&#8217;0.4&#8242; overlay_color=&#8217;#000000&#8242; overlay_text_color=&#8217;#ffffff&#8217; link=&#8221; target=&#8221; animation=&#8217;no-animation&#8217; animation_duration=&#8221; animation_custom_bg_color=&#8221; animation_z_index_curtain=&#8217;100&#8242; parallax_parallax=&#8221; parallax_parallax_speed=&#8221; av-desktop-parallax_parallax=&#8221; av-desktop-parallax_parallax_speed=&#8221; av-medium-parallax_parallax=&#8221; av-medium-parallax_parallax_speed=&#8221; av-small-parallax_parallax=&#8221; av-small-parallax_parallax_speed=&#8221; av-mini-parallax_parallax=&#8221; av-mini-parallax_parallax_speed=&#8221; hover=&#8221; blur_image=&#8221; grayscale_image=&#8221; fade_image=&#8221; appearance=&#8221; css_position=&#8221; css_position_location=&#8217;,,,&#8217; css_position_z_index=&#8221; av-desktop-css_position=&#8221; av-desktop-css_position_location=&#8217;,,,&#8217; av-desktop-css_position_z_index=&#8221; av-medium-css_position=&#8221; av-medium-css_position_location=&#8217;,,,&#8217; av-medium-css_position_z_index=&#8221; av-small-css_position=&#8221; av-small-css_position_location=&#8217;,,,&#8217; av-small-css_position_z_index=&#8221; av-mini-css_position=&#8221; av-mini-css_position_location=&#8217;,,,&#8217; av-mini-css_position_z_index=&#8221; transform_perspective=&#8221; transform_rotation=&#8217;,,,&#8217; transform_scale=&#8217;,,&#8217; transform_skew=&#8217;,&#8217; transform_translate=&#8217;,,&#8217; av-desktop-transform_perspective=&#8221; av-desktop-transform_rotation=&#8217;,,,&#8217; av-desktop-transform_scale=&#8217;,,&#8217; av-desktop-transform_skew=&#8217;,&#8217; av-desktop-transform_translate=&#8217;,,&#8217; av-medium-transform_perspective=&#8221; av-medium-transform_rotation=&#8217;,,,&#8217; av-medium-transform_scale=&#8217;,,&#8217; av-medium-transform_skew=&#8217;,&#8217; av-medium-transform_translate=&#8217;,,&#8217; av-small-transform_perspective=&#8221; av-small-transform_rotation=&#8217;,,,&#8217; av-small-transform_scale=&#8217;,,&#8217; av-small-transform_skew=&#8217;,&#8217; av-small-transform_translate=&#8217;,,&#8217; av-mini-transform_perspective=&#8221; av-mini-transform_rotation=&#8217;,,,&#8217; av-mini-transform_scale=&#8217;,,&#8217; av-mini-transform_skew=&#8217;,&#8217; av-mini-transform_translate=&#8217;,,&#8217; mask_overlay=&#8221; mask_overlay_shape=&#8217;blob&#8217; mask_overlay_size=&#8217;contain&#8217; mask_overlay_scale=&#8217;100%&#8217; mask_overlay_position=&#8217;center center&#8217; mask_overlay_repeat=&#8217;no-repeat&#8217; mask_overlay_rotate=&#8221; mask_overlay_rad_shape=&#8217;circle&#8217; mask_overlay_rad_position=&#8217;center center&#8217; mask_overlay_opacity1=&#8217;0&#8242; mask_overlay_opacity2=&#8217;1&#8242; mask_overlay_opacity3=&#8221; title_attr=&#8221; alt_attr=&#8221; img_scrset=&#8221; lazy_loading=&#8217;disabled&#8217; id=&#8221; custom_class=&#8221; template_class=&#8221; av_element_hidden_in_editor=&#8217;0&#8242; av_uid=&#8217;av-k63wqh3r&#8217; sc_version=&#8217;1.0&#8242; admin_preview_bg=&#8221;][\/av_image]<br \/>\n[\/av_one_half]<\/p>\n<p>[av_icongrid icongrid_styling=&#8217;flipbox&#8217; flipbox_force_close=&#8221; icongrid_numrow=&#8217;4&#8242; cell_alignment=&#8217;space-between&#8217; cell_distance=&#8221; row_distance=&#8221; min_height=&#8221; items_padding=&#8221; items_padding_sync=&#8217;true&#8217; custom_title_size=&#8221; av-desktop-font-size-title=&#8221; av-medium-font-size-title=&#8221; av-small-font-size-title=&#8221; av-mini-font-size-title=&#8221; custom_subtitle_size=&#8221; av-desktop-font-size-1=&#8221; av-medium-font-size-1=&#8221; av-small-font-size-1=&#8221; av-mini-font-size-1=&#8221; custom_content_size=&#8221; av-desktop-font-size=&#8221; av-medium-font-size=&#8221; av-small-font-size=&#8221; av-mini-font-size=&#8221; custom_icon_size=&#8221; av-desktop-font-size-2=&#8221; av-medium-font-size-2=&#8221; av-small-font-size-2=&#8221; av-mini-font-size-2=&#8221; font_color=&#8217;custom&#8217; custom_icon=&#8221; custom_title=&#8221; custom_subtitle=&#8221; custom_content=&#8221; bg_color=&#8221; custom_front_bg_type=&#8217;bg_color&#8217; custom_front_bg=&#8221; custom_front_gradient_direction=&#8217;vertical&#8217; custom_front_gradient_color1=&#8217;#000000&#8242; custom_front_gradient_color2=&#8217;#ffffff&#8217; custom_front_gradient_color3=&#8221; custom_back_bg_type=&#8217;bg_color&#8217; custom_back_bg=&#8221; custom_back_gradient_direction=&#8217;vertical&#8217; custom_back_gradient_color1=&#8217;#000000&#8242; custom_back_gradient_color2=&#8217;#ffffff&#8217; custom_back_gradient_color3=&#8221; border_front=&#8221; border_front_width=&#8221; border_front_width_sync=&#8217;true&#8217; border_front_color=&#8221; border_flip=&#8221; border_flip_width=&#8221; border_flip_width_sync=&#8217;true&#8217; border_flip_color=&#8221; border_radius=&#8221; border_radius_sync=&#8217;true&#8217; border_tooltip=&#8221; border_tooltip_width=&#8221; border_tooltip_width_sync=&#8217;true&#8217; border_tooltip_color=&#8221; border_radius_tooltip=&#8221; border_radius_tooltip_sync=&#8217;true&#8217; box_shadow=&#8221; box_shadow_style=&#8217;0px,0px,0px,0px&#8217; box_shadow_color=&#8221; box_shadow_flip=&#8221; box_shadow_flip_style=&#8217;0px,0px,0px,0px&#8217; box_shadow_flip_color=&#8221; box_shadow_tooltip=&#8221; box_shadow_tooltip_style=&#8217;0px,0px,0px,0px&#8217; box_shadow_tooltip_color=&#8221; flip_axis=&#8221; mobile=&#8221; mobile_breaking=&#8221; alb_description=&#8221; id=&#8221; custom_class=&#8221; template_class=&#8221; av_uid=&#8217;av-luds1o3q&#8217; sc_version=&#8217;1.0&#8242;]<br \/>\n[av_icongrid_item title=&#8217;PRECISE GRIND&#8217; subtitle=&#8221; show_icon=&#8221; icon=&#8217;ue855&#8242; font=&#8217;entypo-fontello&#8217; item_font_color=&#8221; item_custom_icon=&#8221; item_custom_title=&#8221; item_custom_subtitle=&#8221; item_custom_content=&#8221; item_bg_color=&#8221; item_custom_front_bg_type=&#8217;bg_color&#8217; item_custom_front_bg=&#8221; item_custom_front_gradient_direction=&#8217;vertical&#8217; item_custom_front_gradient_color1=&#8217;#000000&#8242; item_custom_front_gradient_color2=&#8217;#ffffff&#8217; item_custom_front_gradient_color3=&#8221; item_custom_back_bg_type=&#8217;bg_color&#8217; item_custom_back_bg=&#8221; item_custom_back_gradient_direction=&#8217;vertical&#8217; item_custom_back_gradient_color1=&#8217;#000000&#8242; item_custom_back_gradient_color2=&#8217;#ffffff&#8217; item_custom_back_gradient_color3=&#8221; front_bg_image=&#8221; front_image_size=&#8217;no scaling&#8217; front_background_position=&#8217;top left&#8217; front_background_repeat=&#8217;no-repeat&#8217; front_filter=&#8221; back_bg_image=&#8221; back_image_size=&#8217;no scaling&#8217; back_background_position=&#8217;top left&#8217; back_background_repeat=&#8217;no-repeat&#8217; back_filter=&#8221; item_border_front=&#8221; item_border_front_width=&#8221; item_border_front_width_sync=&#8217;true&#8217; item_border_front_color=&#8221; item_border_flip=&#8221; item_border_flip_width=&#8221; item_border_flip_width_sync=&#8217;true&#8217; item_border_flip_color=&#8221; item_border_radius=&#8221; item_border_radius_sync=&#8217;true&#8217; item_border_tooltip=&#8221; item_border_tooltip_width=&#8221; item_border_tooltip_width_sync=&#8217;true&#8217; item_border_tooltip_color=&#8221; item_border_radius_tooltip=&#8221; item_border_radius_tooltip_sync=&#8217;true&#8217; item_box_shadow=&#8221; item_box_shadow_style=&#8217;0px,0px,0px,0px&#8217; item_box_shadow_color=&#8221; item_box_shadow_flip=&#8221; item_box_shadow_flip_style=&#8217;0px,0px,0px,0px&#8217; item_box_shadow_flip_color=&#8221; item_box_shadow_tooltip=&#8221; item_box_shadow_tooltip_style=&#8217;0px,0px,0px,0px&#8217; item_box_shadow_tooltip_color=&#8221; heading_tag=&#8221; heading_class=&#8221; link=&#8221; linktarget=&#8221; av_uid=&#8217;av-ludry32p&#8217; sc_version=&#8217;1.0&#8242; inverse_flip=&#8221;]<br \/>\nThe micrometric grinding adjustment regulates grain size with extreme precision.<br \/>\n[\/av_icongrid_item]<br \/>\n[av_icongrid_item title=&#8217;SILENCE&#8217; subtitle=&#8221; show_icon=&#8221; icon=&#8217;ue85f&#8217; font=&#8217;entypo-fontello&#8217; item_font_color=&#8221; item_custom_icon=&#8221; item_custom_title=&#8221; item_custom_subtitle=&#8221; item_custom_content=&#8221; item_bg_color=&#8221; item_custom_front_bg_type=&#8217;bg_color&#8217; item_custom_front_bg=&#8221; item_custom_front_gradient_direction=&#8217;vertical&#8217; item_custom_front_gradient_color1=&#8217;#000000&#8242; item_custom_front_gradient_color2=&#8217;#ffffff&#8217; item_custom_front_gradient_color3=&#8221; item_custom_back_bg_type=&#8217;bg_color&#8217; item_custom_back_bg=&#8221; item_custom_back_gradient_direction=&#8217;vertical&#8217; item_custom_back_gradient_color1=&#8217;#000000&#8242; item_custom_back_gradient_color2=&#8217;#ffffff&#8217; item_custom_back_gradient_color3=&#8221; front_bg_image=&#8221; front_image_size=&#8217;no scaling&#8217; front_background_position=&#8217;top left&#8217; front_background_repeat=&#8217;no-repeat&#8217; front_filter=&#8221; back_bg_image=&#8221; back_image_size=&#8217;no scaling&#8217; back_background_position=&#8217;top left&#8217; back_background_repeat=&#8217;no-repeat&#8217; back_filter=&#8221; item_border_front=&#8221; item_border_front_width=&#8221; item_border_front_width_sync=&#8217;true&#8217; item_border_front_color=&#8221; item_border_flip=&#8221; item_border_flip_width=&#8221; item_border_flip_width_sync=&#8217;true&#8217; item_border_flip_color=&#8221; item_border_radius=&#8221; item_border_radius_sync=&#8217;true&#8217; item_border_tooltip=&#8221; item_border_tooltip_width=&#8221; item_border_tooltip_width_sync=&#8217;true&#8217; item_border_tooltip_color=&#8221; item_border_radius_tooltip=&#8221; item_border_radius_tooltip_sync=&#8217;true&#8217; item_box_shadow=&#8221; item_box_shadow_style=&#8217;0px,0px,0px,0px&#8217; item_box_shadow_color=&#8221; item_box_shadow_flip=&#8221; item_box_shadow_flip_style=&#8217;0px,0px,0px,0px&#8217; item_box_shadow_flip_color=&#8221; item_box_shadow_tooltip=&#8221; item_box_shadow_tooltip_style=&#8217;0px,0px,0px,0px&#8217; item_box_shadow_tooltip_color=&#8221; heading_tag=&#8221; heading_class=&#8221; link=&#8221; linktarget=&#8221; av_uid=&#8217;av-ludrz1bs&#8217; sc_version=&#8217;1.0&#8242; inverse_flip=&#8221;]<br \/>\nThe revised suspensions eliminate unwanted noise, for a more pleasant setting.<br \/>\n[\/av_icongrid_item]<br \/>\n[av_icongrid_item title=&#8217;TOUCHSCREEN DISPLAY&#8217; subtitle=&#8221; show_icon=&#8221; icon=&#8217;ue84a&#8217; font=&#8217;entypo-fontello&#8217; item_font_color=&#8221; item_custom_icon=&#8221; item_custom_title=&#8221; item_custom_subtitle=&#8221; item_custom_content=&#8221; item_bg_color=&#8221; item_custom_front_bg_type=&#8217;bg_color&#8217; item_custom_front_bg=&#8221; item_custom_front_gradient_direction=&#8217;vertical&#8217; item_custom_front_gradient_color1=&#8217;#000000&#8242; item_custom_front_gradient_color2=&#8217;#ffffff&#8217; item_custom_front_gradient_color3=&#8221; item_custom_back_bg_type=&#8217;bg_color&#8217; item_custom_back_bg=&#8221; item_custom_back_gradient_direction=&#8217;vertical&#8217; item_custom_back_gradient_color1=&#8217;#000000&#8242; item_custom_back_gradient_color2=&#8217;#ffffff&#8217; item_custom_back_gradient_color3=&#8221; front_bg_image=&#8221; front_image_size=&#8217;no scaling&#8217; front_background_position=&#8217;top left&#8217; front_background_repeat=&#8217;no-repeat&#8217; front_filter=&#8221; back_bg_image=&#8221; back_image_size=&#8217;no scaling&#8217; back_background_position=&#8217;top left&#8217; back_background_repeat=&#8217;no-repeat&#8217; back_filter=&#8221; item_border_front=&#8221; item_border_front_width=&#8221; item_border_front_width_sync=&#8217;true&#8217; item_border_front_color=&#8221; item_border_flip=&#8221; item_border_flip_width=&#8221; item_border_flip_width_sync=&#8217;true&#8217; item_border_flip_color=&#8221; item_border_radius=&#8221; item_border_radius_sync=&#8217;true&#8217; item_border_tooltip=&#8221; item_border_tooltip_width=&#8221; item_border_tooltip_width_sync=&#8217;true&#8217; item_border_tooltip_color=&#8221; item_border_radius_tooltip=&#8221; item_border_radius_tooltip_sync=&#8217;true&#8217; item_box_shadow=&#8221; item_box_shadow_style=&#8217;0px,0px,0px,0px&#8217; item_box_shadow_color=&#8221; item_box_shadow_flip=&#8221; item_box_shadow_flip_style=&#8217;0px,0px,0px,0px&#8217; item_box_shadow_flip_color=&#8221; item_box_shadow_tooltip=&#8221; item_box_shadow_tooltip_style=&#8217;0px,0px,0px,0px&#8217; item_box_shadow_tooltip_color=&#8221; heading_tag=&#8221; heading_class=&#8221; link=&#8221; linktarget=&#8221; av_uid=&#8217;av-luds1m3y&#8217; sc_version=&#8217;1.0&#8242; inverse_flip=&#8221;]<br \/>\nMuch more user-friendly, providing complete control of the machine at any time.<br \/>\n[\/av_icongrid_item]<br \/>\n[av_icongrid_item title=&#8217;EASE OF CLEANING&#8217; subtitle=&#8221; show_icon=&#8221; icon=&#8217;ue8c0&#8242; font=&#8217;entypo-fontello&#8217; item_font_color=&#8221; item_custom_icon=&#8221; item_custom_title=&#8221; item_custom_subtitle=&#8221; item_custom_content=&#8221; item_bg_color=&#8221; item_custom_front_bg_type=&#8217;bg_color&#8217; item_custom_front_bg=&#8221; item_custom_front_gradient_direction=&#8217;vertical&#8217; item_custom_front_gradient_color1=&#8217;#000000&#8242; item_custom_front_gradient_color2=&#8217;#ffffff&#8217; item_custom_front_gradient_color3=&#8221; item_custom_back_bg_type=&#8217;bg_color&#8217; item_custom_back_bg=&#8221; item_custom_back_gradient_direction=&#8217;vertical&#8217; item_custom_back_gradient_color1=&#8217;#000000&#8242; item_custom_back_gradient_color2=&#8217;#ffffff&#8217; item_custom_back_gradient_color3=&#8221; front_bg_image=&#8221; front_image_size=&#8217;no scaling&#8217; front_background_position=&#8217;top left&#8217; front_background_repeat=&#8217;no-repeat&#8217; front_filter=&#8221; back_bg_image=&#8221; back_image_size=&#8217;no scaling&#8217; back_background_position=&#8217;top left&#8217; back_background_repeat=&#8217;no-repeat&#8217; back_filter=&#8221; item_border_front=&#8221; item_border_front_width=&#8221; item_border_front_width_sync=&#8217;true&#8217; item_border_front_color=&#8221; item_border_flip=&#8221; item_border_flip_width=&#8221; item_border_flip_width_sync=&#8217;true&#8217; item_border_flip_color=&#8221; item_border_radius=&#8221; item_border_radius_sync=&#8217;true&#8217; item_border_tooltip=&#8221; item_border_tooltip_width=&#8221; item_border_tooltip_width_sync=&#8217;true&#8217; item_border_tooltip_color=&#8221; item_border_radius_tooltip=&#8221; item_border_radius_tooltip_sync=&#8217;true&#8217; item_box_shadow=&#8221; item_box_shadow_style=&#8217;0px,0px,0px,0px&#8217; item_box_shadow_color=&#8221; item_box_shadow_flip=&#8221; item_box_shadow_flip_style=&#8217;0px,0px,0px,0px&#8217; item_box_shadow_flip_color=&#8221; item_box_shadow_tooltip=&#8221; item_box_shadow_tooltip_style=&#8217;0px,0px,0px,0px&#8217; item_box_shadow_tooltip_color=&#8221; heading_tag=&#8221; heading_class=&#8221; link=&#8221; linktarget=&#8221; av_uid=&#8217;av-luds1m3y-1&#8242; sc_version=&#8217;1.0&#8242; inverse_flip=&#8221;]<br \/>\nDesigned for easier and faster cleaning. This means low maintenance costs.<br \/>\n[\/av_icongrid_item]<br \/>\n[\/av_icongrid]<\/p>\n<p>[av_section min_height=&#8221; min_height_pc=&#8217;25&#8217; min_height_px=&#8217;500px&#8217; shadow=&#8217;no-border-styling&#8217; bottom_border=&#8217;no-border-styling&#8217; bottom_border_diagonal_color=&#8217;#333333&#8242; bottom_border_diagonal_direction=&#8221; bottom_border_style=&#8221; padding=&#8217;default&#8217; custom_margin=&#8217;0px&#8217; custom_margin_sync=&#8217;true&#8217; av-desktop-custom_margin=&#8221; av-desktop-custom_margin_sync=&#8217;true&#8217; av-medium-custom_margin=&#8221; av-medium-custom_margin_sync=&#8217;true&#8217; av-small-custom_margin=&#8221; av-small-custom_margin_sync=&#8217;true&#8217; av-mini-custom_margin=&#8221; av-mini-custom_margin_sync=&#8217;true&#8217; svg_div_top=&#8217;curve&#8217; svg_div_top_color=&#8217;#fbf8f3&#8242; svg_div_top_width=&#8217;100&#8242; svg_div_top_height=&#8217;50&#8217; svg_div_top_max_height=&#8217;none&#8217; svg_div_top_invert=&#8217;aviaTBsvg_div_top_invert&#8217; svg_div_top_opacity=&#8221; svg_div_bottom=&#8217;curve&#8217; svg_div_bottom_color=&#8217;#fbf8f3&#8242; svg_div_bottom_width=&#8217;100&#8242; svg_div_bottom_height=&#8217;50&#8217; svg_div_bottom_max_height=&#8217;none&#8217; svg_div_bottom_invert=&#8217;aviaTBsvg_div_bottom_invert&#8217; svg_div_bottom_opacity=&#8221; fold_type=&#8221; fold_height=&#8221; fold_more=&#8217;Read more&#8217; fold_less=&#8217;Read less&#8217; fold_text_style=&#8221; fold_btn_align=&#8221; color=&#8217;main_color&#8217; background=&#8217;bg_color&#8217; custom_bg=&#8217;#ffffff&#8217; background_gradient_direction=&#8217;vertical&#8217; background_gradient_color1=&#8217;#000000&#8242; background_gradient_color2=&#8217;#ffffff&#8217; background_gradient_color3=&#8221; src=&#8221; attachment=&#8221; attachment_size=&#8221; attach=&#8217;scroll&#8217; position=&#8217;top left&#8217; repeat=&#8217;no-repeat&#8217; video=&#8221; video_ratio=&#8217;16:9&#8242; overlay_opacity=&#8217;0.5&#8242; overlay_color=&#8221; overlay_pattern=&#8221; overlay_custom_pattern=&#8221; custom_arrow_bg=&#8221; fold_overlay_color=&#8221; fold_text_color=&#8221; fold_btn_color=&#8217;theme-color&#8217; fold_btn_bg_color=&#8221; fold_btn_font_color=&#8221; size-btn-text=&#8221; av-desktop-font-size-btn-text=&#8221; av-medium-font-size-btn-text=&#8221; av-small-font-size-btn-text=&#8221; av-mini-font-size-btn-text=&#8221; fold_timer=&#8221; z_index_fold=&#8221; css_position_z_index=&#8221; av-desktop-css_position_z_index=&#8221; av-medium-css_position_z_index=&#8221; av-small-css_position_z_index=&#8221; av-mini-css_position_z_index=&#8221; id=&#8221; custom_class=&#8221; template_class=&#8221; aria_label=&#8221; av_element_hidden_in_editor=&#8217;0&#8242; av_uid=&#8217;av-84eyne&#8217; sc_version=&#8217;1.0&#8242;]<br \/>\n[av_slideshow img_copyright=&#8221; size=&#8217;featured&#8217; control_layout=&#8217;av-control-default&#8217; slider_navigation=&#8217;av-navigate-arrows av-navigate-dots&#8217; nav_visibility_desktop=&#8221; nav_arrow_color=&#8221; nav_arrow_bg_color=&#8221; nav_dots_color=&#8221; nav_dot_active_color=&#8221; img_copyright_font=&#8221; av-desktop-font-img_copyright_font=&#8221; av-medium-font-img_copyright_font=&#8221; av-small-font-img_copyright_font=&#8221; av-mini-font-img_copyright_font=&#8221; img_copyright_color=&#8221; img_copyright_bg=&#8221; animation=&#8217;slide&#8217; transition_speed=&#8217;500&#8242; autoplay=&#8217;false&#8217; interval=&#8217;5&#8242; img_scale=&#8221; img_scale_end=&#8217;10&#8217; img_scale_direction=&#8221; img_scale_duration=&#8217;3&#8242; img_scale_opacity=&#8217;1&#8242; conditional_play=&#8221; img_scrset=&#8221; lazy_loading=&#8217;disabled&#8217; alb_description=&#8221; id=&#8221; custom_class=&#8221; template_class=&#8221; av_uid=&#8217;av-ludsetwi&#8217; sc_version=&#8217;1.0&#8242;]<br \/>\n[av_slide id=&#8217;10693&#8242; av_uid=&#8217;av-68rh6i&#8217;][\/av_slide]<br \/>\n[av_slide id=&#8217;10694&#8242; av_uid=&#8217;av-44ua4a&#8217;][\/av_slide]<br \/>\n[av_slide id=&#8217;10695&#8242; av_uid=&#8217;av-281uvu&#8217;][\/av_slide]<br \/>\n[\/av_slideshow]<br \/>\n[\/av_section]<\/p>\n","protected":false},"excerpt":{"rendered":"<p>[av_one_half first min_height=&#8221; vertical_alignment=&#8217;av-align-top&#8217; space=&#8221; row_boxshadow_color=&#8221; row_boxshadow_width=&#8217;10&#8217; margin=&#8217;0px&#8217; margin_sync=&#8217;true&#8217; mobile_breaking=&#8221; border=&#8221; border_color=&#8221; radius=&#8217;0px,0px,0px,0px&#8217; padding=&#8217;0px,0px,0px,50px&#8217; column_boxshadow_color=&#8221; column_boxshadow_width=&#8217;10&#8217; background=&#8217;bg_color&#8217; background_color=&#8221; background_gradient_color1=&#8221; background_gradient_color2=&#8221; background_gradient_direction=&#8217;vertical&#8217; src=&#8221; attachment=&#8221; attachment_size=&#8221; background_position=&#8217;top left&#8217; background_repeat=&#8217;no-repeat&#8217; highlight_size=&#8217;1.1&#8242; animation=&#8221; link=&#8221; linktarget=&#8221; link_hover=&#8221; title_attr=&#8221; alt_attr=&#8221; mobile_display=&#8221; id=&#8221; custom_class=&#8221; aria_label=&#8221; av_uid=&#8217;av-x0u7q&#8217;] [av_textblock fold_type=&#8221; fold_height=&#8221; fold_more=&#8217;Read more&#8217; fold_less=&#8217;Read less&#8217; fold_text_style=&#8221; fold_btn_align=&#8221; textblock_styling_align=&#8221; textblock_styling=&#8221; textblock_styling_gap=&#8221; textblock_styling_mobile=&#8221; size=&#8221; av-desktop-font-size=&#8221; av-medium-font-size=&#8221; [&hellip;]<\/p>\n","protected":false},"featured_media":12395,"template":"","meta":[],"product_cat":[130],"product_tag":[],"class_list":{"0":"post-5962","1":"product","2":"type-product","3":"status-publish","4":"has-post-thumbnail","6":"product_brand-nuova-simonelli","7":"product_cat-kavni-mlini","9":"first","10":"instock","11":"taxable","12":"shipping-taxable","13":"purchasable","14":"product-type-simple"},"jetpack_sharing_enabled":true,"_links":{"self":[{"href":"https:\/\/mariposacoffee.si\/en\/wp-json\/wp\/v2\/product\/5962","targetHints":{"allow":["GET"]}}],"collection":[{"href":"https:\/\/mariposacoffee.si\/en\/wp-json\/wp\/v2\/product"}],"about":[{"href":"https:\/\/mariposacoffee.si\/en\/wp-json\/wp\/v2\/types\/product"}],"wp:featuredmedia":[{"embeddable":true,"href":"https:\/\/mariposacoffee.si\/en\/wp-json\/wp\/v2\/media\/12395"}],"wp:attachment":[{"href":"https:\/\/mariposacoffee.si\/en\/wp-json\/wp\/v2\/media?parent=5962"}],"wp:term":[{"taxonomy":"product_cat","embeddable":true,"href":"https:\/\/mariposacoffee.si\/en\/wp-json\/wp\/v2\/product_cat?post=5962"},{"taxonomy":"product_tag","embeddable":true,"href":"https:\/\/mariposacoffee.si\/en\/wp-json\/wp\/v2\/product_tag?post=5962"}],"curies":[{"name":"wp","href":"https:\/\/api.w.org\/{rel}","templated":true}]}}